{"id":6994,"date":"2024-05-10T09:33:16","date_gmt":"2024-05-10T09:33:16","guid":{"rendered":"https:\/\/stavropoli.md\/?post_type=product&#038;p=6994"},"modified":"2026-04-14T08:11:03","modified_gmt":"2026-04-14T08:11:03","slug":"ruchka-gel-my-pen-white-pink-herlitz11370061","status":"publish","type":"product","link":"https:\/\/stavropoli.md\/ro\/produs\/ruchka-gel-my-pen-white-pink-herlitz11370061\/","title":{"rendered":"stilou gel My.pen alb\/roz Herlitz(11370061)"},"content":{"rendered":"<p>Pixul My Pen Urban de la Herlitz este prezentat \u00een ambalaj individual. Cutia transparent\u0103 confer\u0103 produsului un aspect de suvenir. \u00cen plus, stiloul \u00een sine arat\u0103 luminos \u0219i elegant. Exist\u0103 dou\u0103 tije de scris separate, deta\u0219abile, cu cerneal\u0103 special\u0103 pe baz\u0103 de ap\u0103. Corpul stiloului este confectionat din polimer foarte rezistent fara componente daunatoare sanatatii copilului. Este foarte fin si placut la atingere. Pentru a evita alunecarea nedorit\u0103, inser\u021biile contrastante din zona de prindere sunt realizate dintr-un material cauciucat special. Designul special al tijei de scris v\u0103 permite s\u0103 ob\u021bine\u021bi un scris de m\u00e2n\u0103 frumos \u0219i clar. Cerneala merge u\u0219or \u0219i f\u0103r\u0103 presiune pe orice tip de h\u00e2rtie...<\/p>","protected":false},"excerpt":{"rendered":"<p>\u0420\u0443\u0447\u043a\u0430 My Pen Urban \u043c\u0430\u0440\u043a\u0438 Herlitz \u043f\u0440\u0435\u0434\u0441\u0442\u0430\u0432\u043b\u0435\u043d\u0430 \u0432 \u0438\u043d\u0434\u0438\u0432\u0438\u0434\u0443\u0430\u043b\u044c\u043d\u043e\u0439 \u0443\u043f\u0430\u043a\u043e\u0432\u043a\u0435. \u041f\u0440\u043e\u0437\u0440\u0430\u0447\u043d\u0430\u044f \u043a\u043e\u0440\u043e\u0431\u043a\u0430 \u043f\u0440\u0438\u0434\u0430\u0435\u0442 \u0438\u0437\u0434\u0435\u043b\u0438\u044e \u0441\u0443\u0432\u0435\u043d\u0438\u0440\u043d\u044b\u0439 \u0432\u0438\u0434. \u0422\u0435\u043c \u0431\u043e\u043b\u0435\u0435, \u0447\u0442\u043e \u0438 \u0441\u0430\u043c\u0430 \u0440\u0443\u0447\u043a\u0430 \u0432\u044b\u0433\u043b\u044f\u0434\u0438\u0442 \u044f\u0440\u043a\u043e \u0438 \u043d\u0430\u0440\u044f\u0434\u043d\u043e. \u041e\u0442\u0434\u0435\u043b\u044c\u043d\u043e \u0440\u0430\u0441\u043f\u043e\u043b\u043e\u0436\u0435\u043d\u044b \u0434\u0432\u0430 \u0441\u044a\u0435\u043c\u043d\u044b\u0445 \u043f\u0438\u0448\u0443\u0449\u0438\u0445 \u0441\u0442\u0435\u0440\u0436\u043d\u044f \u0441\u043e \u0441\u043f\u0435\u0446\u0438\u0430\u043b\u044c\u043d\u044b\u043c\u0438 \u0447\u0435\u0440\u043d\u0438\u043b\u0430\u043c\u0438 \u043d\u0430 \u0432\u043e\u0434\u043d\u043e\u0439 \u043e\u0441\u043d\u043e\u0432\u0435. \u041a\u043e\u0440\u043f\u0443\u0441 \u0440\u0443\u0447\u043a\u0438 \u0438\u0437\u0433\u043e\u0442\u043e\u0432\u043b\u0435\u043d \u0438\u0437 \u043e\u0447\u0435\u043d\u044c \u043f\u0440\u043e\u0447\u043d\u043e\u0433\u043e \u043f\u043e\u043b\u0438\u043c\u0435\u0440\u0430 \u0431\u0435\u0437 \u0432\u0440\u0435\u0434\u043d\u044b\u0445 \u0434\u043b\u044f \u0437\u0434\u043e\u0440\u043e\u0432\u044c\u044f \u0440\u0435\u0431\u0435\u043d\u043a\u0430 \u043a\u043e\u043c\u043f\u043e\u043d\u0435\u043d\u0442\u043e\u0432. \u041e\u043d \u043e\u0447\u0435\u043d\u044c \u0433\u043b\u0430\u0434\u043a\u0438\u0439 \u0438 [&hellip;]<\/p>\n","protected":false},"featured_media":6995,"comment_status":"open","ping_status":"closed","template":"","meta":{"site-sidebar-layout":"default","site-content-layout":"","ast-site-content-layout":"default","site-content-style":"default","site-sidebar-style":"default","ast-global-header-display":"","ast-banner-title-visibility":"","ast-main-header-display":"","ast-hfb-above-header-display":"","ast-hfb-below-header-display":"","ast-hfb-mobile-header-display":"","site-post-title":"","ast-breadcrumbs-content":"","ast-featured-img":"","footer-sml-layout":"","ast-disable-related-posts":"","theme-transparent-header-meta":"default","adv-header-id-meta":"","stick-header-meta":"","header-above-stick-meta":"","header-main-stick-meta":"","header-below-stick-meta":"","astra-migrate-meta-layouts":"set","ast-page-background-enabled":"default","ast-page-background-meta":{"desktop":{"background-color":"","background-image":"","background-repeat":"repeat","background-position":"center center","background-size":"auto","background-attachment":"scroll","background-type":"","background-media":"","overlay-type":"","overlay-color":"","overlay-opacity":"","overlay-gradient":""},"tablet":{"background-color":"","background-image":"","background-repeat":"repeat","background-position":"center center","background-size":"auto","background-attachment":"scroll","background-type":"","background-media":"","overlay-type":"","overlay-color":"","overlay-opacity":"","overlay-gradient":""},"mobile":{"background-color":"","background-image":"","background-repeat":"repeat","background-position":"center center","background-size":"auto","background-attachment":"scroll","background-type":"","background-media":"","overlay-type":"","overlay-color":"","overlay-opacity":"","overlay-gradient":""}},"ast-content-background-meta":{"desktop":{"background-color":"var(--ast-global-color-4)","background-image":"","background-repeat":"repeat","background-position":"center center","background-size":"auto","background-attachment":"scroll","background-type":"","background-media":"","overlay-type":"","overlay-color":"","overlay-opacity":"","overlay-gradient":""},"tablet":{"background-color":"var(--ast-global-color-4)","background-image":"","background-repeat":"repeat","background-position":"center center","background-size":"auto","background-attachment":"scroll","background-type":"","background-media":"","overlay-type":"","overlay-color":"","overlay-opacity":"","overlay-gradient":""},"mobile":{"background-color":"var(--ast-global-color-4)","background-image":"","background-repeat":"repeat","background-position":"center center","background-size":"auto","background-attachment":"scroll","background-type":"","background-media":"","overlay-type":"","overlay-color":"","overlay-opacity":"","overlay-gradient":""}}},"product_brand":[],"product_cat":[55],"product_tag":[1356],"class_list":{"0":"post-6994","1":"product","2":"type-product","3":"status-publish","4":"has-post-thumbnail","6":"product_cat-ruchki-gelevye","7":"product_tag-ruchka-gel","8":"desktop-align-left","9":"tablet-align-left","10":"mobile-align-left","11":"ast-product-gallery-layout-horizontal-slider","12":"ast-product-gallery-with-no-image","13":"ast-product-tabs-layout-vertical","14":"ast-qv-on-image","16":"first","17":"instock","18":"sale","19":"taxable","20":"shipping-taxable","21":"purchasable","22":"product-type-simple"},"_links":{"self":[{"href":"https:\/\/stavropoli.md\/ro\/wp-json\/wp\/v2\/product\/6994","targetHints":{"allow":["GET"]}}],"collection":[{"href":"https:\/\/stavropoli.md\/ro\/wp-json\/wp\/v2\/product"}],"about":[{"href":"https:\/\/stavropoli.md\/ro\/wp-json\/wp\/v2\/types\/product"}],"replies":[{"embeddable":true,"href":"https:\/\/stavropoli.md\/ro\/wp-json\/wp\/v2\/comments?post=6994"}],"wp:featuredmedia":[{"embeddable":true,"href":"https:\/\/stavropoli.md\/ro\/wp-json\/wp\/v2\/media\/6995"}],"wp:attachment":[{"href":"https:\/\/stavropoli.md\/ro\/wp-json\/wp\/v2\/media?parent=6994"}],"wp:term":[{"taxonomy":"product_brand","embeddable":true,"href":"https:\/\/stavropoli.md\/ro\/wp-json\/wp\/v2\/product_brand?post=6994"},{"taxonomy":"product_cat","embeddable":true,"href":"https:\/\/stavropoli.md\/ro\/wp-json\/wp\/v2\/product_cat?post=6994"},{"taxonomy":"product_tag","embeddable":true,"href":"https:\/\/stavropoli.md\/ro\/wp-json\/wp\/v2\/product_tag?post=6994"}],"curies":[{"name":"wp","href":"https:\/\/api.w.org\/{rel}","templated":true}]}}