{"id":6986,"date":"2024-05-10T08:34:39","date_gmt":"2024-05-10T08:34:39","guid":{"rendered":"https:\/\/stavropoli.md\/?post_type=product&#038;p=6986"},"modified":"2026-04-14T08:11:26","modified_gmt":"2026-04-14T08:11:26","slug":"ruchka-gel-my-pen-white-black-herlitz11370079","status":"publish","type":"product","link":"https:\/\/stavropoli.md\/ro\/produs\/ruchka-gel-my-pen-white-black-herlitz11370079\/","title":{"rendered":"stilou gel My.pen alb\/negru Herlitz(11370079)"},"content":{"rendered":"<p>Stilou\u00a0<b>Herlitz My.Pen<\/b><\/p>\n<ul>\n<li>Cerneala are o consisten\u021b\u0103 similar\u0103 cu cerneala stiloului, dar este pu\u021bin mai groas\u0103<\/li>\n<li>Au o culoare albastru \u00eenchis bogat<\/li>\n<li>Pixul ofer\u0103 o scriere foarte moale \u0219i neted\u0103, grosimea liniei este de 0,7 mm<\/li>\n<li>Corpul stiloului este realizat din plastic rezistent, cu o clem\u0103 de metal<\/li>\n<li>Zona de prindere este acoperit\u0103 cu cauciuc antiderapant \u00eentr-o culoare contrastant\u0103, potrivit\u0103 at\u00e2t pentru st\u00e2ngaci c\u00e2t \u0219i pentru dreptaci<\/li>\n<li>Mecanism de \u00eempingere a tijei<\/li>\n<li>Greutate stilou: 14,7 g<\/li>\n<li>Lungime: 14,3 cm<\/li>\n<\/ul>","protected":false},"excerpt":{"rendered":"<p>\u0410\u0432\u0442\u043e\u043c\u0430\u0442\u0438\u0447\u0435\u0441\u043a\u0430\u044f \u0440\u0443\u0447\u043a\u0430\u00a0Herlitz My.Pen \u0427\u0435\u0440\u043d\u0438\u043b\u0430 \u043f\u043e \u043a\u043e\u043d\u0441\u0438\u0441\u0442\u0435\u043d\u0446\u0438\u0438 \u043d\u0430\u043f\u043e\u043c\u0438\u043d\u0430\u044e\u0442 \u0447\u0435\u0440\u043d\u0438\u043b\u0430 \u0434\u043b\u044f \u043f\u0435\u0440\u044c\u0435\u0432\u044b\u0445 \u0440\u0443\u0447\u0435\u043a, \u043d\u043e \u043d\u0435\u043c\u043d\u043e\u0433\u043e \u0431\u043e\u043b\u0435\u0435 \u0433\u0443\u0441\u0442\u044b\u0435 \u0418\u043c\u0435\u044e\u0442 \u043d\u0430\u0441\u044b\u0449\u0435\u043d\u043d\u044b\u0439 \u0442\u0435\u043c\u043d\u043e-\u0441\u0438\u043d\u0438\u0439 \u0446\u0432\u0435\u0442 \u0420\u0443\u0447\u043a\u0430 \u043e\u0431\u0435\u0441\u043f\u0435\u0447\u0438\u0432\u0430\u0435\u0442 \u043e\u0447\u0435\u043d\u044c \u043c\u044f\u0433\u043a\u043e\u0435 \u0438 \u0433\u043b\u0430\u0434\u043a\u043e\u0435 \u043f\u0438\u0441\u044c\u043c\u043e, \u0442\u043e\u043b\u0449\u0438\u043d\u0430 \u043b\u0438\u043d\u0438\u0438 0.7 \u043c\u043c \u041a\u043e\u0440\u043f\u0443\u0441 \u0440\u0443\u0447\u043a\u0438 \u0438\u0437\u0433\u043e\u0442\u043e\u0432\u043b\u0435\u043d \u0438\u0437 \u043f\u0440\u043e\u0447\u043d\u043e\u0433\u043e \u043f\u043b\u0430\u0441\u0442\u0438\u043a\u0430 \u0441 \u043c\u0435\u0442\u0430\u043b\u043b\u0438\u0447\u0435\u0441\u043a\u0438\u043c \u043a\u043b\u0438\u043f\u043e\u043c \u0417\u043e\u043d\u0430 \u0437\u0430\u0445\u0432\u0430\u0442\u0430 \u043f\u043e\u043a\u0440\u044b\u0442\u0430 \u043d\u0435\u0441\u043a\u043e\u043b\u044c\u0437\u043a\u043e\u0439 \u0440\u0435\u0437\u0438\u043d\u043e\u0439 \u043a\u043e\u043d\u0442\u0440\u0430\u0441\u0442\u043d\u043e\u0433\u043e \u0446\u0432\u0435\u0442\u0430, \u043f\u043e\u0434\u0445\u043e\u0434\u0438\u0442 \u043a\u0430\u043a \u0434\u043b\u044f \u043b\u0435\u0432\u0448\u0438, \u0442\u0430\u043a \u0438 \u0434\u043b\u044f \u043f\u0440\u0430\u0432\u0448\u0438 \u041d\u0430\u0436\u0438\u043c\u043d\u043e\u0439 [&hellip;]<\/p>\n","protected":false},"featured_media":6987,"comment_status":"open","ping_status":"closed","template":"","meta":{"site-sidebar-layout":"default","site-content-layout":"","ast-site-content-layout":"default","site-content-style":"default","site-sidebar-style":"default","ast-global-header-display":"","ast-banner-title-visibility":"","ast-main-header-display":"","ast-hfb-above-header-display":"","ast-hfb-below-header-display":"","ast-hfb-mobile-header-display":"","site-post-title":"","ast-breadcrumbs-content":"","ast-featured-img":"","footer-sml-layout":"","ast-disable-related-posts":"","theme-transparent-header-meta":"default","adv-header-id-meta":"","stick-header-meta":"","header-above-stick-meta":"","header-main-stick-meta":"","header-below-stick-meta":"","astra-migrate-meta-layouts":"set","ast-page-background-enabled":"default","ast-page-background-meta":{"desktop":{"background-color":"","background-image":"","background-repeat":"repeat","background-position":"center center","background-size":"auto","background-attachment":"scroll","background-type":"","background-media":"","overlay-type":"","overlay-color":"","overlay-opacity":"","overlay-gradient":""},"tablet":{"background-color":"","background-image":"","background-repeat":"repeat","background-position":"center center","background-size":"auto","background-attachment":"scroll","background-type":"","background-media":"","overlay-type":"","overlay-color":"","overlay-opacity":"","overlay-gradient":""},"mobile":{"background-color":"","background-image":"","background-repeat":"repeat","background-position":"center center","background-size":"auto","background-attachment":"scroll","background-type":"","background-media":"","overlay-type":"","overlay-color":"","overlay-opacity":"","overlay-gradient":""}},"ast-content-background-meta":{"desktop":{"background-color":"var(--ast-global-color-4)","background-image":"","background-repeat":"repeat","background-position":"center center","background-size":"auto","background-attachment":"scroll","background-type":"","background-media":"","overlay-type":"","overlay-color":"","overlay-opacity":"","overlay-gradient":""},"tablet":{"background-color":"var(--ast-global-color-4)","background-image":"","background-repeat":"repeat","background-position":"center center","background-size":"auto","background-attachment":"scroll","background-type":"","background-media":"","overlay-type":"","overlay-color":"","overlay-opacity":"","overlay-gradient":""},"mobile":{"background-color":"var(--ast-global-color-4)","background-image":"","background-repeat":"repeat","background-position":"center center","background-size":"auto","background-attachment":"scroll","background-type":"","background-media":"","overlay-type":"","overlay-color":"","overlay-opacity":"","overlay-gradient":""}}},"product_brand":[],"product_cat":[55],"product_tag":[1355],"class_list":{"0":"post-6986","1":"product","2":"type-product","3":"status-publish","4":"has-post-thumbnail","6":"product_cat-ruchki-gelevye","7":"product_tag-ruchka-gel-my-pen","8":"desktop-align-left","9":"tablet-align-left","10":"mobile-align-left","11":"ast-product-gallery-layout-horizontal-slider","12":"ast-product-gallery-with-no-image","13":"ast-product-tabs-layout-vertical","14":"ast-qv-on-image","16":"first","17":"instock","18":"sale","19":"taxable","20":"shipping-taxable","21":"purchasable","22":"product-type-simple"},"_links":{"self":[{"href":"https:\/\/stavropoli.md\/ro\/wp-json\/wp\/v2\/product\/6986","targetHints":{"allow":["GET"]}}],"collection":[{"href":"https:\/\/stavropoli.md\/ro\/wp-json\/wp\/v2\/product"}],"about":[{"href":"https:\/\/stavropoli.md\/ro\/wp-json\/wp\/v2\/types\/product"}],"replies":[{"embeddable":true,"href":"https:\/\/stavropoli.md\/ro\/wp-json\/wp\/v2\/comments?post=6986"}],"wp:featuredmedia":[{"embeddable":true,"href":"https:\/\/stavropoli.md\/ro\/wp-json\/wp\/v2\/media\/6987"}],"wp:attachment":[{"href":"https:\/\/stavropoli.md\/ro\/wp-json\/wp\/v2\/media?parent=6986"}],"wp:term":[{"taxonomy":"product_brand","embeddable":true,"href":"https:\/\/stavropoli.md\/ro\/wp-json\/wp\/v2\/product_brand?post=6986"},{"taxonomy":"product_cat","embeddable":true,"href":"https:\/\/stavropoli.md\/ro\/wp-json\/wp\/v2\/product_cat?post=6986"},{"taxonomy":"product_tag","embeddable":true,"href":"https:\/\/stavropoli.md\/ro\/wp-json\/wp\/v2\/product_tag?post=6986"}],"curies":[{"name":"wp","href":"https:\/\/api.w.org\/{rel}","templated":true}]}}