{"id":6974,"date":"2024-05-10T08:12:36","date_gmt":"2024-05-10T08:12:36","guid":{"rendered":"https:\/\/stavropoli.md\/?post_type=product&#038;p=6974"},"modified":"2026-04-14T08:26:00","modified_gmt":"2026-04-14T08:26:00","slug":"ruchka-perevaya-black-white-my-pen-herlitz11162476","status":"publish","type":"product","link":"https:\/\/stavropoli.md\/ro\/produs\/ruchka-perevaya-black-white-my-pen-herlitz11162476\/","title":{"rendered":"stilou negru\/alb My.Pen Herlitz(11162476)"},"content":{"rendered":"<div align=\"center\">\n<div id=\"block\" style=\"text-align: left\"><span style=\"font-size: 16px\">stilou Herlitz My.Pen Urban. Plastic lucios, corp u\u0219or nervurat, clem\u0103 plat\u0103 larg\u0103, capac din plastic. Sec\u021biunea de prindere simetric\u0103 este potrivit\u0103 at\u00e2t pentru st\u00e2ngaci, c\u00e2t \u0219i pentru dreptaci. Sec\u021biunea de prindere are o talie pronun\u021bat\u0103 \u0219i este acoperit\u0103 cu cauciuc antiderapant.<\/span><\/p>\n<p>Pixul are un v\u00e2rf de o\u021bel cu un v\u00e2rf de iridiu rezistent la abraziune. Pena de o\u021bel este destul de flexibil\u0103 (dar nu flexibil\u0103; las\u0103 linii de grosime constant\u0103 pe h\u00e2rtie). Grosimea stiloului - M (medie).<\/p>\n<p>Pixul este reumplut cu cartu\u0219e standard lungi interna\u021bionale. Stiloul vine cu un cartus albastru international lung.<\/p>\n<\/div>\n<\/div>","protected":false},"excerpt":{"rendered":"<p>\u041f\u0435\u0440\u044c\u0435\u0432\u0430\u044f \u0440\u0443\u0447\u043a\u0430 Herlitz My.Pen Urban. \u041f\u043b\u0430\u0441\u0442\u0438\u043a\u043e\u0432\u044b\u0439 \u0433\u043b\u044f\u043d\u0446\u0435\u0432\u044b\u0439, \u0441\u043b\u0435\u0433\u043a\u0430 \u0440\u0435\u0431\u0440\u0438\u0441\u0442\u044b\u0439 \u043a\u043e\u0440\u043f\u0443\u0441, \u0448\u0438\u0440\u043e\u043a\u0438\u0439 \u043f\u043b\u043e\u0441\u043a\u0438\u0439 \u043a\u043b\u0438\u043f, \u043f\u043b\u0430\u0441\u0442\u0438\u043a\u043e\u0432\u044b\u0439 \u043a\u043e\u043b\u043f\u0430\u0447\u043e\u043a. \u0421\u0438\u043c\u043c\u0435\u0442\u0440\u0438\u0447\u043d\u0430\u044f \u0433\u0440\u0438\u043f-\u0441\u0435\u043a\u0446\u0438\u044f \u043f\u043e\u0434\u0445\u043e\u0434\u0438\u0442 \u0438 \u0434\u043b\u044f \u043b\u0435\u0432\u0448\u0435\u0439, \u0438 \u0434\u043b\u044f \u043f\u0440\u0430\u0432\u0448\u0435\u0439. \u0413\u0440\u0438\u043f-\u0441\u0435\u043a\u0446\u0438\u044f \u0438\u043c\u0435\u0435\u0442 \u0432\u044b\u0440\u0430\u0436\u0435\u043d\u043d\u0443\u044e \u0442\u0430\u043b\u0438\u044e, \u043e\u0431\u0442\u044f\u043d\u0443\u0442\u0430 \u043d\u0435\u0441\u043a\u043e\u043b\u044c\u0437\u043a\u043e\u0439 \u0440\u0435\u0437\u0438\u043d\u043e\u0439. \u0423 \u0440\u0443\u0447\u043a\u0438 \u0441\u0442\u0430\u043b\u044c\u043d\u043e\u0435 \u043f\u0435\u0440\u043e \u0441 \u0438\u0440\u0438\u0434\u0438\u0435\u0432\u044b\u043c \u0443\u0441\u0442\u043e\u0439\u0447\u0438\u0432\u044b\u043c \u043a \u0438\u0441\u0442\u0438\u0440\u0430\u043d\u0438\u044e \u043d\u0430\u043a\u043e\u043d\u0435\u0447\u043d\u0438\u043a\u043e\u043c. \u0421\u0442\u0430\u043b\u044c\u043d\u043e\u0435 \u043f\u0435\u0440\u043e \u0434\u043e\u0441\u0442\u0430\u0442\u043e\u0447\u043d\u043e \u043f\u043b\u0430\u0441\u0442\u0438\u0447\u043d\u043e\u0435 (\u043d\u043e \u043d\u0435 \u0433\u0438\u0431\u043a\u043e\u0435, \u043e\u043d\u043e \u043e\u0441\u0442\u0430\u0432\u043b\u044f\u0435\u0442 \u043d\u0430 \u0431\u0443\u043c\u0430\u0433\u0435 \u043b\u0438\u043d\u0438\u0438 \u043f\u043e\u0441\u0442\u043e\u044f\u043d\u043d\u043e\u0439 \u0442\u043e\u043b\u0449\u0438\u043d\u044b). [&hellip;]<\/p>\n","protected":false},"featured_media":6975,"comment_status":"open","ping_status":"closed","template":"","meta":{"site-sidebar-layout":"default","site-content-layout":"","ast-site-content-layout":"default","site-content-style":"default","site-sidebar-style":"default","ast-global-header-display":"","ast-banner-title-visibility":"","ast-main-header-display":"","ast-hfb-above-header-display":"","ast-hfb-below-header-display":"","ast-hfb-mobile-header-display":"","site-post-title":"","ast-breadcrumbs-content":"","ast-featured-img":"","footer-sml-layout":"","ast-disable-related-posts":"","theme-transparent-header-meta":"default","adv-header-id-meta":"","stick-header-meta":"","header-above-stick-meta":"","header-main-stick-meta":"","header-below-stick-meta":"","astra-migrate-meta-layouts":"set","ast-page-background-enabled":"default","ast-page-background-meta":{"desktop":{"background-color":"","background-image":"","background-repeat":"repeat","background-position":"center center","background-size":"auto","background-attachment":"scroll","background-type":"","background-media":"","overlay-type":"","overlay-color":"","overlay-opacity":"","overlay-gradient":""},"tablet":{"background-color":"","background-image":"","background-repeat":"repeat","background-position":"center center","background-size":"auto","background-attachment":"scroll","background-type":"","background-media":"","overlay-type":"","overlay-color":"","overlay-opacity":"","overlay-gradient":""},"mobile":{"background-color":"","background-image":"","background-repeat":"repeat","background-position":"center center","background-size":"auto","background-attachment":"scroll","background-type":"","background-media":"","overlay-type":"","overlay-color":"","overlay-opacity":"","overlay-gradient":""}},"ast-content-background-meta":{"desktop":{"background-color":"var(--ast-global-color-4)","background-image":"","background-repeat":"repeat","background-position":"center center","background-size":"auto","background-attachment":"scroll","background-type":"","background-media":"","overlay-type":"","overlay-color":"","overlay-opacity":"","overlay-gradient":""},"tablet":{"background-color":"var(--ast-global-color-4)","background-image":"","background-repeat":"repeat","background-position":"center center","background-size":"auto","background-attachment":"scroll","background-type":"","background-media":"","overlay-type":"","overlay-color":"","overlay-opacity":"","overlay-gradient":""},"mobile":{"background-color":"var(--ast-global-color-4)","background-image":"","background-repeat":"repeat","background-position":"center center","background-size":"auto","background-attachment":"scroll","background-type":"","background-media":"","overlay-type":"","overlay-color":"","overlay-opacity":"","overlay-gradient":""}}},"product_brand":[],"product_cat":[54],"product_tag":[1353],"class_list":{"0":"post-6974","1":"product","2":"type-product","3":"status-publish","4":"has-post-thumbnail","6":"product_cat-ruchki-perevye","7":"product_tag-ruchka-perevaya","8":"desktop-align-left","9":"tablet-align-left","10":"mobile-align-left","11":"ast-product-gallery-layout-horizontal-slider","12":"ast-product-gallery-with-no-image","13":"ast-product-tabs-layout-vertical","14":"ast-qv-on-image","16":"first","17":"instock","18":"sale","19":"taxable","20":"shipping-taxable","21":"purchasable","22":"product-type-simple"},"_links":{"self":[{"href":"https:\/\/stavropoli.md\/ro\/wp-json\/wp\/v2\/product\/6974","targetHints":{"allow":["GET"]}}],"collection":[{"href":"https:\/\/stavropoli.md\/ro\/wp-json\/wp\/v2\/product"}],"about":[{"href":"https:\/\/stavropoli.md\/ro\/wp-json\/wp\/v2\/types\/product"}],"replies":[{"embeddable":true,"href":"https:\/\/stavropoli.md\/ro\/wp-json\/wp\/v2\/comments?post=6974"}],"wp:featuredmedia":[{"embeddable":true,"href":"https:\/\/stavropoli.md\/ro\/wp-json\/wp\/v2\/media\/6975"}],"wp:attachment":[{"href":"https:\/\/stavropoli.md\/ro\/wp-json\/wp\/v2\/media?parent=6974"}],"wp:term":[{"taxonomy":"product_brand","embeddable":true,"href":"https:\/\/stavropoli.md\/ro\/wp-json\/wp\/v2\/product_brand?post=6974"},{"taxonomy":"product_cat","embeddable":true,"href":"https:\/\/stavropoli.md\/ro\/wp-json\/wp\/v2\/product_cat?post=6974"},{"taxonomy":"product_tag","embeddable":true,"href":"https:\/\/stavropoli.md\/ro\/wp-json\/wp\/v2\/product_tag?post=6974"}],"curies":[{"name":"wp","href":"https:\/\/api.w.org\/{rel}","templated":true}]}}