{"id":6942,"date":"2024-05-08T08:54:00","date_gmt":"2024-05-08T08:54:00","guid":{"rendered":"https:\/\/stavropoli.md\/?post_type=product&#038;p=6942"},"modified":"2024-05-31T06:27:29","modified_gmt":"2024-05-31T06:27:29","slug":"ruchka-roller-parker-vector-xl-black-2159774","status":"publish","type":"product","link":"https:\/\/stavropoli.md\/ro\/produs\/ruchka-roller-parker-vector-xl-black-2159774\/","title":{"rendered":"stilou roller Parker Vector XL negru (2159774)"},"content":{"rendered":"<p>Creionul Vector XL Rollerball dispune de un v\u00e2rf incredibil de neted, care ofer\u0103 o scriere lin\u0103, f\u0103r\u0103 s\u0103rituri, pentru o scriere confortabil\u0103 \u0219i consistent\u0103. Pixurile cu role Vector XL combin\u0103 designul elegant \u0219i performan\u021ba fiabil\u0103<\/p>\n<p>Material otel inoxidabil, plastic<br \/>\nAmbalaj cadou<br \/>\nCuloare cerneal\u0103 Negru<br \/>\nCuloare finisaj: argintiu<br \/>\nMecanism stilou cu role cu capac detasabil<br \/>\nMaterial stilou: o\u021bel inoxidabil<br \/>\nGrosimea unit\u0103\u021bii de scriere F (fin\u0103) - Sub\u021bire 0,5 mm<br \/>\n\u0412\u0435\u0441, \u043a\u0433 0,141<br \/>\nGreutate f\u0103r\u0103 ambalaj, kg 0,017<br \/>\nLungime, cm 13,05<br \/>\n\u0413\u0430\u0431\u0430\u0440\u0438\u0442\u044b \u0443\u043f\u0430\u043a\u043e\u0432\u043a\u0438, \u0441\u043c 17.70 x 2.60 x 5.20<\/p>","protected":false},"excerpt":{"rendered":"<p>\u0420\u0443\u0447\u043a\u0430-\u0440\u043e\u043b\u043b\u0435\u0440 Parker Vector XL Black CT, \u0441\u0442\u0435\u0440\u0436\u0435\u043d\u044c: F, \u0446\u0432\u0435\u0442 \u0447\u0435\u0440\u043d\u0438\u043b:black, \u0432 \u043f\u043e\u0434\u0430\u0440\u043e\u0447\u043d\u043e\u0439 \u0443\u043f\u0430\u043a\u043e\u0432\u043a\u0435<\/p>","protected":false},"featured_media":6944,"comment_status":"open","ping_status":"closed","template":"","meta":{"site-sidebar-layout":"default","site-content-layout":"","ast-site-content-layout":"default","site-content-style":"default","site-sidebar-style":"default","ast-global-header-display":"","ast-banner-title-visibility":"","ast-main-header-display":"","ast-hfb-above-header-display":"","ast-hfb-below-header-display":"","ast-hfb-mobile-header-display":"","site-post-title":"","ast-breadcrumbs-content":"","ast-featured-img":"","footer-sml-layout":"","ast-disable-related-posts":"","theme-transparent-header-meta":"default","adv-header-id-meta":"","stick-header-meta":"","header-above-stick-meta":"","header-main-stick-meta":"","header-below-stick-meta":"","astra-migrate-meta-layouts":"set","ast-page-background-enabled":"default","ast-page-background-meta":{"desktop":{"background-color":"","background-image":"","background-repeat":"repeat","background-position":"center center","background-size":"auto","background-attachment":"scroll","background-type":"","background-media":"","overlay-type":"","overlay-color":"","overlay-opacity":"","overlay-gradient":""},"tablet":{"background-color":"","background-image":"","background-repeat":"repeat","background-position":"center center","background-size":"auto","background-attachment":"scroll","background-type":"","background-media":"","overlay-type":"","overlay-color":"","overlay-opacity":"","overlay-gradient":""},"mobile":{"background-color":"","background-image":"","background-repeat":"repeat","background-position":"center center","background-size":"auto","background-attachment":"scroll","background-type":"","background-media":"","overlay-type":"","overlay-color":"","overlay-opacity":"","overlay-gradient":""}},"ast-content-background-meta":{"desktop":{"background-color":"var(--ast-global-color-4)","background-image":"","background-repeat":"repeat","background-position":"center center","background-size":"auto","background-attachment":"scroll","background-type":"","background-media":"","overlay-type":"","overlay-color":"","overlay-opacity":"","overlay-gradient":""},"tablet":{"background-color":"var(--ast-global-color-4)","background-image":"","background-repeat":"repeat","background-position":"center center","background-size":"auto","background-attachment":"scroll","background-type":"","background-media":"","overlay-type":"","overlay-color":"","overlay-opacity":"","overlay-gradient":""},"mobile":{"background-color":"var(--ast-global-color-4)","background-image":"","background-repeat":"repeat","background-position":"center center","background-size":"auto","background-attachment":"scroll","background-type":"","background-media":"","overlay-type":"","overlay-color":"","overlay-opacity":"","overlay-gradient":""}}},"product_brand":[],"product_cat":[67],"product_tag":[1348],"class_list":{"0":"post-6942","1":"product","2":"type-product","3":"status-publish","4":"has-post-thumbnail","6":"product_cat-ruchki-parker","7":"product_tag-ruchki-parker","8":"desktop-align-left","9":"tablet-align-left","10":"mobile-align-left","11":"ast-product-gallery-layout-horizontal-slider","12":"ast-product-tabs-layout-vertical","13":"ast-qv-on-image","15":"first","16":"outofstock","17":"taxable","18":"shipping-taxable","19":"purchasable","20":"product-type-simple"},"_links":{"self":[{"href":"https:\/\/stavropoli.md\/ro\/wp-json\/wp\/v2\/product\/6942","targetHints":{"allow":["GET"]}}],"collection":[{"href":"https:\/\/stavropoli.md\/ro\/wp-json\/wp\/v2\/product"}],"about":[{"href":"https:\/\/stavropoli.md\/ro\/wp-json\/wp\/v2\/types\/product"}],"replies":[{"embeddable":true,"href":"https:\/\/stavropoli.md\/ro\/wp-json\/wp\/v2\/comments?post=6942"}],"wp:featuredmedia":[{"embeddable":true,"href":"https:\/\/stavropoli.md\/ro\/wp-json\/wp\/v2\/media\/6944"}],"wp:attachment":[{"href":"https:\/\/stavropoli.md\/ro\/wp-json\/wp\/v2\/media?parent=6942"}],"wp:term":[{"taxonomy":"product_brand","embeddable":true,"href":"https:\/\/stavropoli.md\/ro\/wp-json\/wp\/v2\/product_brand?post=6942"},{"taxonomy":"product_cat","embeddable":true,"href":"https:\/\/stavropoli.md\/ro\/wp-json\/wp\/v2\/product_cat?post=6942"},{"taxonomy":"product_tag","embeddable":true,"href":"https:\/\/stavropoli.md\/ro\/wp-json\/wp\/v2\/product_tag?post=6942"}],"curies":[{"name":"wp","href":"https:\/\/api.w.org\/{rel}","templated":true}]}}