{"id":6907,"date":"2024-05-08T07:04:57","date_gmt":"2024-05-08T07:04:57","guid":{"rendered":"https:\/\/stavropoli.md\/?post_type=product&#038;p=6907"},"modified":"2026-04-15T06:56:10","modified_gmt":"2026-04-15T06:56:10","slug":"ruchka-pero-parker-urban-core-metro-metallic-ct1931605","status":"publish","type":"product","link":"https:\/\/stavropoli.md\/ro\/produs\/ruchka-pero-parker-urban-core-metro-metallic-ct1931605\/","title":{"rendered":"stilou Parker Urban Core Metro Metallic CT(1931605)"},"content":{"rendered":"<p>stilou Urban Core F309 cu capac detasabil. Corpul \u0219i capacul sunt din alam\u0103, acoperite cu lac argintiu, lustruirea circular\u0103 se combin\u0103 perfect cu elementele decorative cromate. Zona de prindere este realizat\u0103 din plastic negru lucios. Logo PARKER gravat pe inelul decorativ cromat. Penita din otel inoxidabil.<\/p>\n<p>Material otel inoxidabil, crom<br \/>\nAmbalaj cadou<br \/>\nSubfamilie (colec\u021bii) Urban Core<br \/>\nCuloare cerneal\u0103 Albastru<br \/>\nDiametru maxim, mm 13,6<br \/>\nCuloare finisaj: argintiu<br \/>\nPix cu mecanism de stilou<br \/>\nMaterial stilou: o\u021bel inoxidabil<br \/>\nGrosimea unit\u0103\u021bii de scris Fin\u0103 (sub\u021bire, 0,8 mm), M (medie) - medie 1 mm<br \/>\nGreutate, kg 0,149<br \/>\nGreutate f\u0103r\u0103 ambalaj, kg 0,029<br \/>\nLungime, cm 13,82<br \/>\nDimensiuni pachet, cm 17,70 x 3,70 x 5,20<\/p>","protected":false},"excerpt":{"rendered":"<p>Pix Parker Urban Core, Metro Metallic CT, F309, v\u00e2rf: F\/M, culoare cerneal\u0103: albastru, cutie cadou.<\/p>","protected":false},"featured_media":6909,"comment_status":"open","ping_status":"closed","template":"","meta":{"site-sidebar-layout":"default","site-content-layout":"","ast-site-content-layout":"default","site-content-style":"default","site-sidebar-style":"default","ast-global-header-display":"","ast-banner-title-visibility":"","ast-main-header-display":"","ast-hfb-above-header-display":"","ast-hfb-below-header-display":"","ast-hfb-mobile-header-display":"","site-post-title":"","ast-breadcrumbs-content":"","ast-featured-img":"","footer-sml-layout":"","ast-disable-related-posts":"","theme-transparent-header-meta":"default","adv-header-id-meta":"","stick-header-meta":"","header-above-stick-meta":"","header-main-stick-meta":"","header-below-stick-meta":"","astra-migrate-meta-layouts":"set","ast-page-background-enabled":"default","ast-page-background-meta":{"desktop":{"background-color":"","background-image":"","background-repeat":"repeat","background-position":"center center","background-size":"auto","background-attachment":"scroll","background-type":"","background-media":"","overlay-type":"","overlay-color":"","overlay-opacity":"","overlay-gradient":""},"tablet":{"background-color":"","background-image":"","background-repeat":"repeat","background-position":"center center","background-size":"auto","background-attachment":"scroll","background-type":"","background-media":"","overlay-type":"","overlay-color":"","overlay-opacity":"","overlay-gradient":""},"mobile":{"background-color":"","background-image":"","background-repeat":"repeat","background-position":"center center","background-size":"auto","background-attachment":"scroll","background-type":"","background-media":"","overlay-type":"","overlay-color":"","overlay-opacity":"","overlay-gradient":""}},"ast-content-background-meta":{"desktop":{"background-color":"var(--ast-global-color-4)","background-image":"","background-repeat":"repeat","background-position":"center center","background-size":"auto","background-attachment":"scroll","background-type":"","background-media":"","overlay-type":"","overlay-color":"","overlay-opacity":"","overlay-gradient":""},"tablet":{"background-color":"var(--ast-global-color-4)","background-image":"","background-repeat":"repeat","background-position":"center center","background-size":"auto","background-attachment":"scroll","background-type":"","background-media":"","overlay-type":"","overlay-color":"","overlay-opacity":"","overlay-gradient":""},"mobile":{"background-color":"var(--ast-global-color-4)","background-image":"","background-repeat":"repeat","background-position":"center center","background-size":"auto","background-attachment":"scroll","background-type":"","background-media":"","overlay-type":"","overlay-color":"","overlay-opacity":"","overlay-gradient":""}}},"product_brand":[],"product_cat":[67],"product_tag":[1348],"class_list":{"0":"post-6907","1":"product","2":"type-product","3":"status-publish","4":"has-post-thumbnail","6":"product_cat-ruchki-parker","7":"product_tag-ruchki-parker","8":"desktop-align-left","9":"tablet-align-left","10":"mobile-align-left","11":"ast-product-gallery-layout-horizontal-slider","12":"ast-product-tabs-layout-vertical","13":"ast-qv-on-image","15":"first","16":"instock","17":"sale","18":"taxable","19":"shipping-taxable","20":"purchasable","21":"product-type-simple"},"_links":{"self":[{"href":"https:\/\/stavropoli.md\/ro\/wp-json\/wp\/v2\/product\/6907","targetHints":{"allow":["GET"]}}],"collection":[{"href":"https:\/\/stavropoli.md\/ro\/wp-json\/wp\/v2\/product"}],"about":[{"href":"https:\/\/stavropoli.md\/ro\/wp-json\/wp\/v2\/types\/product"}],"replies":[{"embeddable":true,"href":"https:\/\/stavropoli.md\/ro\/wp-json\/wp\/v2\/comments?post=6907"}],"wp:featuredmedia":[{"embeddable":true,"href":"https:\/\/stavropoli.md\/ro\/wp-json\/wp\/v2\/media\/6909"}],"wp:attachment":[{"href":"https:\/\/stavropoli.md\/ro\/wp-json\/wp\/v2\/media?parent=6907"}],"wp:term":[{"taxonomy":"product_brand","embeddable":true,"href":"https:\/\/stavropoli.md\/ro\/wp-json\/wp\/v2\/product_brand?post=6907"},{"taxonomy":"product_cat","embeddable":true,"href":"https:\/\/stavropoli.md\/ro\/wp-json\/wp\/v2\/product_cat?post=6907"},{"taxonomy":"product_tag","embeddable":true,"href":"https:\/\/stavropoli.md\/ro\/wp-json\/wp\/v2\/product_tag?post=6907"}],"curies":[{"name":"wp","href":"https:\/\/api.w.org\/{rel}","templated":true}]}}