{"id":6871,"date":"2024-05-07T11:35:40","date_gmt":"2024-05-07T11:35:40","guid":{"rendered":"https:\/\/stavropoli.md\/?post_type=product&#038;p=6871"},"modified":"2024-08-28T11:21:51","modified_gmt":"2024-08-28T11:21:51","slug":"ruchka-roller-parker-im-monochrome-blue2172965","status":"publish","type":"product","link":"https:\/\/stavropoli.md\/ro\/produs\/ruchka-roller-parker-im-monochrome-blue2172965\/","title":{"rendered":"stilou cu role Parker IM Monochrome Blue(2172965)"},"content":{"rendered":"<p>Material lac, alam\u0103<br \/>\nAmbalaj cadou, de marca<br \/>\nCuloare cerneal\u0103 Negru<br \/>\nFinisaj culoare albastru<br \/>\nMecanism stilou cu role cu capac detasabil<br \/>\nGrosimea unit\u0103\u021bii de scris Fin\u0103 (sub\u021bire, 0,8 mm)<br \/>\nGreutate, kg 0,307<br \/>\nGreutate f\u0103r\u0103 ambalaj, kg 0,024<br \/>\nLungime, cm 13,38<br \/>\nDimensiuni ambalaj, cm 17,50 x 5,20 x 2,70<\/p>","protected":false},"excerpt":{"rendered":"<p>Pix Roller Parker IM Monochrome Blue, re\u00eenc\u0103rcare: F, culoare cerneal\u0103: negru, cutie cadou.<\/p>","protected":false},"featured_media":6872,"comment_status":"open","ping_status":"closed","template":"","meta":{"site-sidebar-layout":"default","site-content-layout":"","ast-site-content-layout":"default","site-content-style":"default","site-sidebar-style":"default","ast-global-header-display":"","ast-banner-title-visibility":"","ast-main-header-display":"","ast-hfb-above-header-display":"","ast-hfb-below-header-display":"","ast-hfb-mobile-header-display":"","site-post-title":"","ast-breadcrumbs-content":"","ast-featured-img":"","footer-sml-layout":"","ast-disable-related-posts":"","theme-transparent-header-meta":"default","adv-header-id-meta":"","stick-header-meta":"","header-above-stick-meta":"","header-main-stick-meta":"","header-below-stick-meta":"","astra-migrate-meta-layouts":"set","ast-page-background-enabled":"default","ast-page-background-meta":{"desktop":{"background-color":"","background-image":"","background-repeat":"repeat","background-position":"center center","background-size":"auto","background-attachment":"scroll","background-type":"","background-media":"","overlay-type":"","overlay-color":"","overlay-opacity":"","overlay-gradient":""},"tablet":{"background-color":"","background-image":"","background-repeat":"repeat","background-position":"center center","background-size":"auto","background-attachment":"scroll","background-type":"","background-media":"","overlay-type":"","overlay-color":"","overlay-opacity":"","overlay-gradient":""},"mobile":{"background-color":"","background-image":"","background-repeat":"repeat","background-position":"center center","background-size":"auto","background-attachment":"scroll","background-type":"","background-media":"","overlay-type":"","overlay-color":"","overlay-opacity":"","overlay-gradient":""}},"ast-content-background-meta":{"desktop":{"background-color":"var(--ast-global-color-4)","background-image":"","background-repeat":"repeat","background-position":"center center","background-size":"auto","background-attachment":"scroll","background-type":"","background-media":"","overlay-type":"","overlay-color":"","overlay-opacity":"","overlay-gradient":""},"tablet":{"background-color":"var(--ast-global-color-4)","background-image":"","background-repeat":"repeat","background-position":"center center","background-size":"auto","background-attachment":"scroll","background-type":"","background-media":"","overlay-type":"","overlay-color":"","overlay-opacity":"","overlay-gradient":""},"mobile":{"background-color":"var(--ast-global-color-4)","background-image":"","background-repeat":"repeat","background-position":"center center","background-size":"auto","background-attachment":"scroll","background-type":"","background-media":"","overlay-type":"","overlay-color":"","overlay-opacity":"","overlay-gradient":""}}},"product_brand":[],"product_cat":[67],"product_tag":[1348],"class_list":{"0":"post-6871","1":"product","2":"type-product","3":"status-publish","4":"has-post-thumbnail","6":"product_cat-ruchki-parker","7":"product_tag-ruchki-parker","8":"desktop-align-left","9":"tablet-align-left","10":"mobile-align-left","11":"ast-product-gallery-layout-horizontal-slider","12":"ast-product-tabs-layout-vertical","13":"ast-qv-on-image","15":"first","16":"outofstock","17":"taxable","18":"shipping-taxable","19":"purchasable","20":"product-type-simple"},"_links":{"self":[{"href":"https:\/\/stavropoli.md\/ro\/wp-json\/wp\/v2\/product\/6871","targetHints":{"allow":["GET"]}}],"collection":[{"href":"https:\/\/stavropoli.md\/ro\/wp-json\/wp\/v2\/product"}],"about":[{"href":"https:\/\/stavropoli.md\/ro\/wp-json\/wp\/v2\/types\/product"}],"replies":[{"embeddable":true,"href":"https:\/\/stavropoli.md\/ro\/wp-json\/wp\/v2\/comments?post=6871"}],"wp:featuredmedia":[{"embeddable":true,"href":"https:\/\/stavropoli.md\/ro\/wp-json\/wp\/v2\/media\/6872"}],"wp:attachment":[{"href":"https:\/\/stavropoli.md\/ro\/wp-json\/wp\/v2\/media?parent=6871"}],"wp:term":[{"taxonomy":"product_brand","embeddable":true,"href":"https:\/\/stavropoli.md\/ro\/wp-json\/wp\/v2\/product_brand?post=6871"},{"taxonomy":"product_cat","embeddable":true,"href":"https:\/\/stavropoli.md\/ro\/wp-json\/wp\/v2\/product_cat?post=6871"},{"taxonomy":"product_tag","embeddable":true,"href":"https:\/\/stavropoli.md\/ro\/wp-json\/wp\/v2\/product_tag?post=6871"}],"curies":[{"name":"wp","href":"https:\/\/api.w.org\/{rel}","templated":true}]}}