{"id":6748,"date":"2024-05-03T08:35:53","date_gmt":"2024-05-03T08:35:53","guid":{"rendered":"https:\/\/stavropoli.md\/?post_type=product&#038;p=6748"},"modified":"2026-04-12T08:35:26","modified_gmt":"2026-04-12T08:35:26","slug":"glina-hudozhestvennaya-500-gr-mona","status":"publish","type":"product","link":"https:\/\/stavropoli.md\/ro\/produs\/glina-hudozhestvennaya-500-gr-mona\/","title":{"rendered":"argila artistica 500 gr. MONA"},"content":{"rendered":"<p><span>Argila de modelat Mona auto\u00eent\u0103rit\u0103 serve\u0219te ca ajutor \u0219colar la orele de art\u0103, este un material excelent pentru pasiona\u021bi \u0219i poate fi folosit\u0103 \u0219i \u00een atelierele de terapie ocupa\u021bional\u0103. Este potrivit, printre altele, pentru realizarea de sculpturi mici, basoreliefuri, reliefuri, suprapuneri de rame \u0219i bijuterii.<\/span><br \/>\n<span>Odat\u0103 format\u0103, argila se \u00eent\u0103re\u0219te de la sine.<\/span><br \/>\n<span>Nu necesit\u0103 ardere, spre deosebire de argila tradi\u021bional\u0103.<\/span><br \/>\n<span>Timpul de uscare (\u00een func\u021bie de dimensiunea \u0219i complexitatea sculpturii) variaz\u0103, de obicei nu dep\u0103\u0219e\u0219te 24 de ore.<\/span><br \/>\n<span>Odat\u0103 ce lutul este uscat, poate fi vopsit, l\u0103cuit, lustruit \u0219i t\u0103iat.<\/span><br \/>\n<span>Argila Mona este sigur\u0103 de utilizat \u0219i este fabricat\u0103 din materii prime de cea mai \u00eenalt\u0103 calitate.<\/span><\/p>","protected":false},"excerpt":{"rendered":"<p>\u0421\u0430\u043c\u043e\u0437\u0430\u0442\u0432\u0435\u0440\u0434\u0435\u0432\u0430\u044e\u0449\u0430\u044f \u0433\u043b\u0438\u043d\u0430 \u0434\u043b\u044f \u043b\u0435\u043f\u043a\u0438 Mona \u0441\u043b\u0443\u0436\u0438\u0442 \u0448\u043a\u043e\u043b\u044c\u043d\u044b\u043c \u043f\u043e\u043c\u043e\u0449\u043d\u0438\u043a\u043e\u043c \u043d\u0430 \u0443\u0440\u043e\u043a\u0430\u0445 \u0440\u0438\u0441\u043e\u0432\u0430\u043d\u0438\u044f, \u044f\u0432\u043b\u044f\u0435\u0442\u0441\u044f \u043e\u0442\u043b\u0438\u0447\u043d\u044b\u043c \u043c\u0430\u0442\u0435\u0440\u0438\u0430\u043b\u043e\u043c \u0434\u043b\u044f \u043b\u044e\u0431\u0438\u0442\u0435\u043b\u0435\u0439, \u0430 \u0442\u0430\u043a\u0436\u0435 \u043c\u043e\u0436\u0435\u0442 \u0438\u0441\u043f\u043e\u043b\u044c\u0437\u043e\u0432\u0430\u0442\u044c\u0441\u044f \u0432 \u043c\u0430\u0441\u0442\u0435\u0440-\u043a\u043b\u0430\u0441\u0441\u0430\u0445 \u043f\u043e \u0442\u0440\u0443\u0434\u043e\u0442\u0435\u0440\u0430\u043f\u0438\u0438. \u041e\u043d \u043f\u0440\u0438\u0433\u043e\u0434\u0435\u043d, \u0432 \u0442\u043e\u043c \u0447\u0438\u0441\u043b\u0435, \u0434\u043b\u044f \u0438\u0437\u0433\u043e\u0442\u043e\u0432\u043b\u0435\u043d\u0438\u044f \u043d\u0435\u0431\u043e\u043b\u044c\u0448\u0438\u0445 \u0441\u043a\u0443\u043b\u044c\u043f\u0442\u0443\u0440, \u0431\u0430\u0440\u0435\u043b\u044c\u0435\u0444\u043e\u0432, \u0440\u0435\u043b\u044c\u0435\u0444\u043e\u0432, \u043d\u0430\u043a\u043b\u0430\u0434\u043e\u043a \u043d\u0430 \u0440\u0430\u043c\u044b, \u044e\u0432\u0435\u043b\u0438\u0440\u043d\u044b\u0445 \u0438\u0437\u0434\u0435\u043b\u0438\u0439. \u041f\u043e\u0441\u043b\u0435 \u0444\u043e\u0440\u043c\u0438\u0440\u043e\u0432\u0430\u043d\u0438\u044f \u0433\u043b\u0438\u043d\u0430 \u0437\u0430\u0442\u0432\u0435\u0440\u0434\u0435\u0432\u0430\u0435\u0442 \u0441\u0430\u043c\u0430 \u043f\u043e \u0441\u0435\u0431\u0435. \u041e\u043d \u043d\u0435 \u0442\u0440\u0435\u0431\u0443\u0435\u0442 \u043e\u0431\u0436\u0438\u0433\u0430, \u0432 \u043e\u0442\u043b\u0438\u0447\u0438\u0435 \u043e\u0442 \u0442\u0440\u0430\u0434\u0438\u0446\u0438\u043e\u043d\u043d\u043e\u0439 [&hellip;]<\/p>\n","protected":false},"featured_media":6749,"comment_status":"open","ping_status":"closed","template":"","meta":{"site-sidebar-layout":"default","site-content-layout":"","ast-site-content-layout":"default","site-content-style":"default","site-sidebar-style":"default","ast-global-header-display":"","ast-banner-title-visibility":"","ast-main-header-display":"","ast-hfb-above-header-display":"","ast-hfb-below-header-display":"","ast-hfb-mobile-header-display":"","site-post-title":"","ast-breadcrumbs-content":"","ast-featured-img":"","footer-sml-layout":"","ast-disable-related-posts":"","theme-transparent-header-meta":"default","adv-header-id-meta":"","stick-header-meta":"","header-above-stick-meta":"","header-main-stick-meta":"","header-below-stick-meta":"","astra-migrate-meta-layouts":"set","ast-page-background-enabled":"default","ast-page-background-meta":{"desktop":{"background-color":"","background-image":"","background-repeat":"repeat","background-position":"center center","background-size":"auto","background-attachment":"scroll","background-type":"","background-media":"","overlay-type":"","overlay-color":"","overlay-opacity":"","overlay-gradient":""},"tablet":{"background-color":"","background-image":"","background-repeat":"repeat","background-position":"center center","background-size":"auto","background-attachment":"scroll","background-type":"","background-media":"","overlay-type":"","overlay-color":"","overlay-opacity":"","overlay-gradient":""},"mobile":{"background-color":"","background-image":"","background-repeat":"repeat","background-position":"center center","background-size":"auto","background-attachment":"scroll","background-type":"","background-media":"","overlay-type":"","overlay-color":"","overlay-opacity":"","overlay-gradient":""}},"ast-content-background-meta":{"desktop":{"background-color":"var(--ast-global-color-4)","background-image":"","background-repeat":"repeat","background-position":"center center","background-size":"auto","background-attachment":"scroll","background-type":"","background-media":"","overlay-type":"","overlay-color":"","overlay-opacity":"","overlay-gradient":""},"tablet":{"background-color":"var(--ast-global-color-4)","background-image":"","background-repeat":"repeat","background-position":"center center","background-size":"auto","background-attachment":"scroll","background-type":"","background-media":"","overlay-type":"","overlay-color":"","overlay-opacity":"","overlay-gradient":""},"mobile":{"background-color":"var(--ast-global-color-4)","background-image":"","background-repeat":"repeat","background-position":"center center","background-size":"auto","background-attachment":"scroll","background-type":"","background-media":"","overlay-type":"","overlay-color":"","overlay-opacity":"","overlay-gradient":""}}},"product_brand":[],"product_cat":[32],"product_tag":[1336],"class_list":{"0":"post-6748","1":"product","2":"type-product","3":"status-publish","4":"has-post-thumbnail","6":"product_cat-prochee","7":"product_tag-glina-hudozhestvennaya","8":"desktop-align-left","9":"tablet-align-left","10":"mobile-align-left","11":"ast-product-gallery-layout-horizontal-slider","12":"ast-product-gallery-with-no-image","13":"ast-product-tabs-layout-vertical","14":"ast-qv-on-image","16":"first","17":"instock","18":"sale","19":"taxable","20":"shipping-taxable","21":"purchasable","22":"product-type-simple"},"_links":{"self":[{"href":"https:\/\/stavropoli.md\/ro\/wp-json\/wp\/v2\/product\/6748","targetHints":{"allow":["GET"]}}],"collection":[{"href":"https:\/\/stavropoli.md\/ro\/wp-json\/wp\/v2\/product"}],"about":[{"href":"https:\/\/stavropoli.md\/ro\/wp-json\/wp\/v2\/types\/product"}],"replies":[{"embeddable":true,"href":"https:\/\/stavropoli.md\/ro\/wp-json\/wp\/v2\/comments?post=6748"}],"wp:featuredmedia":[{"embeddable":true,"href":"https:\/\/stavropoli.md\/ro\/wp-json\/wp\/v2\/media\/6749"}],"wp:attachment":[{"href":"https:\/\/stavropoli.md\/ro\/wp-json\/wp\/v2\/media?parent=6748"}],"wp:term":[{"taxonomy":"product_brand","embeddable":true,"href":"https:\/\/stavropoli.md\/ro\/wp-json\/wp\/v2\/product_brand?post=6748"},{"taxonomy":"product_cat","embeddable":true,"href":"https:\/\/stavropoli.md\/ro\/wp-json\/wp\/v2\/product_cat?post=6748"},{"taxonomy":"product_tag","embeddable":true,"href":"https:\/\/stavropoli.md\/ro\/wp-json\/wp\/v2\/product_tag?post=6748"}],"curies":[{"name":"wp","href":"https:\/\/api.w.org\/{rel}","templated":true}]}}