{"id":6711,"date":"2024-05-02T11:33:56","date_gmt":"2024-05-02T11:33:56","guid":{"rendered":"https:\/\/stavropoli.md\/?post_type=product&#038;p=6711"},"modified":"2024-05-02T11:40:24","modified_gmt":"2024-05-02T11:40:24","slug":"ruchka-roller-my-pen-smiley-herlitz11291994","status":"publish","type":"product","link":"https:\/\/stavropoli.md\/ro\/produs\/ruchka-roller-my-pen-smiley-herlitz11291994\/","title":{"rendered":"stilou roller Pixul meu Smiley Herlitz(11291994)"},"content":{"rendered":"<p><span>Pix cu role Herlitz MyPen SMILEY, edi\u021bie limitat\u0103<\/span><\/p>\n<p><span>Acest stilou tip roller impresioneaz\u0103 nu numai prin designul s\u0103u elegant, ci \u0219i prin forma sa inteligent\u0103, deoarece este potrivit at\u00e2t pentru st\u00e2ngaci, c\u00e2t \u0219i pentru dreptaci.<\/span><\/p>\n<p><span>\u2022 negru cu model SMILEY<\/span><br \/>\n<span>\u2022 Dimensiune: aprox. 141 x 17 mm<\/span><br \/>\n<span>\u2022 Culoare: diferit\u0103<\/span><br \/>\n<span>\u2022 Material: plastic<\/span><br \/>\n<span>\u2022 Zona de prindere ergonomica, potrivita pentru stangaci si dreptaci<\/span><br \/>\n<span>\u2022 Grosimea v\u00e2rfului rotund: 1 mm \u2022 B<\/span><br \/>\n<span>Setul include 1 cartus de cerneala.<\/span><\/p>\n<p><span>se potrive\u0219te cu cartu\u0219e standard standard<\/span><\/p>","protected":false},"excerpt":{"rendered":"<p>\u0420\u0443\u0447\u043a\u0430-\u0440\u043e\u043b\u043b\u0435\u0440 Herlitz MyPen SMILEY, \u043e\u0433\u0440\u0430\u043d\u0438\u0447\u0435\u043d\u043d\u044b\u0439 \u0432\u044b\u043f\u0443\u0441\u043a \u042d\u0442\u0430 \u0440\u0443\u0447\u043a\u0430-\u0440\u043e\u043b\u043b\u0435\u0440 \u0432\u043f\u0435\u0447\u0430\u0442\u043b\u044f\u0435\u0442 \u043d\u0435 \u0442\u043e\u043b\u044c\u043a\u043e \u0441\u0432\u043e\u0438\u043c \u0441\u0442\u0438\u043b\u044c\u043d\u044b\u043c \u0434\u0438\u0437\u0430\u0439\u043d\u043e\u043c, \u043d\u043e \u0438 \u043f\u0440\u043e\u0434\u0443\u043c\u0430\u043d\u043d\u043e\u0439 \u0444\u043e\u0440\u043c\u043e\u0439 \u0438\u0437\u0434\u0435\u043b\u0438\u044f, \u043f\u043e\u0441\u043a\u043e\u043b\u044c\u043a\u0443 \u043e\u043d\u0430 \u043f\u043e\u0434\u0445\u043e\u0434\u0438\u0442 \u043a\u0430\u043a \u0434\u043b\u044f \u043b\u0435\u0432\u0448\u0435\u0439, \u0442\u0430\u043a \u0438 \u0434\u043b\u044f \u043f\u0440\u0430\u0432\u0448\u0435\u0439. \u2022 \u0447\u0435\u0440\u043d\u044b\u0439 \u0441 \u0440\u0438\u0441\u0443\u043d\u043a\u043e\u043c SMILEY \u2022 \u0420\u0430\u0437\u043c\u0435\u0440: \u043e\u043a\u043e\u043b\u043e 141 x 17 \u043c\u043c \u2022 \u0426\u0432\u0435\u0442: \u0440\u0430\u0437\u043d\u044b\u0435 \u2022 \u041c\u0430\u0442\u0435\u0440\u0438\u0430\u043b: \u043f\u043b\u0430\u0441\u0442\u0438\u043a \u2022 \u042d\u0440\u0433\u043e\u043d\u043e\u043c\u0438\u0447\u043d\u0430\u044f \u0437\u043e\u043d\u0430 \u0437\u0430\u0445\u0432\u0430\u0442\u0430, \u043f\u043e\u0434\u0445\u043e\u0434\u0438\u0442 \u0434\u043b\u044f \u043b\u0435\u0432\u0448\u0435\u0439 \u0438 [&hellip;]<\/p>\n","protected":false},"featured_media":6713,"comment_status":"open","ping_status":"closed","template":"","meta":{"site-sidebar-layout":"default","site-content-layout":"","ast-site-content-layout":"default","site-content-style":"default","site-sidebar-style":"default","ast-global-header-display":"","ast-banner-title-visibility":"","ast-main-header-display":"","ast-hfb-above-header-display":"","ast-hfb-below-header-display":"","ast-hfb-mobile-header-display":"","site-post-title":"","ast-breadcrumbs-content":"","ast-featured-img":"","footer-sml-layout":"","ast-disable-related-posts":"","theme-transparent-header-meta":"default","adv-header-id-meta":"","stick-header-meta":"","header-above-stick-meta":"","header-main-stick-meta":"","header-below-stick-meta":"","astra-migrate-meta-layouts":"set","ast-page-background-enabled":"default","ast-page-background-meta":{"desktop":{"background-color":"","background-image":"","background-repeat":"repeat","background-position":"center center","background-size":"auto","background-attachment":"scroll","background-type":"","background-media":"","overlay-type":"","overlay-color":"","overlay-opacity":"","overlay-gradient":""},"tablet":{"background-color":"","background-image":"","background-repeat":"repeat","background-position":"center center","background-size":"auto","background-attachment":"scroll","background-type":"","background-media":"","overlay-type":"","overlay-color":"","overlay-opacity":"","overlay-gradient":""},"mobile":{"background-color":"","background-image":"","background-repeat":"repeat","background-position":"center center","background-size":"auto","background-attachment":"scroll","background-type":"","background-media":"","overlay-type":"","overlay-color":"","overlay-opacity":"","overlay-gradient":""}},"ast-content-background-meta":{"desktop":{"background-color":"var(--ast-global-color-4)","background-image":"","background-repeat":"repeat","background-position":"center center","background-size":"auto","background-attachment":"scroll","background-type":"","background-media":"","overlay-type":"","overlay-color":"","overlay-opacity":"","overlay-gradient":""},"tablet":{"background-color":"var(--ast-global-color-4)","background-image":"","background-repeat":"repeat","background-position":"center center","background-size":"auto","background-attachment":"scroll","background-type":"","background-media":"","overlay-type":"","overlay-color":"","overlay-opacity":"","overlay-gradient":""},"mobile":{"background-color":"var(--ast-global-color-4)","background-image":"","background-repeat":"repeat","background-position":"center center","background-size":"auto","background-attachment":"scroll","background-type":"","background-media":"","overlay-type":"","overlay-color":"","overlay-opacity":"","overlay-gradient":""}}},"product_brand":[],"product_cat":[68],"product_tag":[1329],"class_list":{"0":"post-6711","1":"product","2":"type-product","3":"status-publish","4":"has-post-thumbnail","6":"product_cat-ruchki-maslyanye","7":"product_tag-ruchka-roller-my-pen","8":"desktop-align-left","9":"tablet-align-left","10":"mobile-align-left","11":"ast-product-gallery-layout-horizontal-slider","12":"ast-product-tabs-layout-vertical","13":"ast-qv-on-image","15":"first","16":"instock","17":"taxable","18":"shipping-taxable","19":"purchasable","20":"product-type-simple"},"_links":{"self":[{"href":"https:\/\/stavropoli.md\/ro\/wp-json\/wp\/v2\/product\/6711","targetHints":{"allow":["GET"]}}],"collection":[{"href":"https:\/\/stavropoli.md\/ro\/wp-json\/wp\/v2\/product"}],"about":[{"href":"https:\/\/stavropoli.md\/ro\/wp-json\/wp\/v2\/types\/product"}],"replies":[{"embeddable":true,"href":"https:\/\/stavropoli.md\/ro\/wp-json\/wp\/v2\/comments?post=6711"}],"wp:featuredmedia":[{"embeddable":true,"href":"https:\/\/stavropoli.md\/ro\/wp-json\/wp\/v2\/media\/6713"}],"wp:attachment":[{"href":"https:\/\/stavropoli.md\/ro\/wp-json\/wp\/v2\/media?parent=6711"}],"wp:term":[{"taxonomy":"product_brand","embeddable":true,"href":"https:\/\/stavropoli.md\/ro\/wp-json\/wp\/v2\/product_brand?post=6711"},{"taxonomy":"product_cat","embeddable":true,"href":"https:\/\/stavropoli.md\/ro\/wp-json\/wp\/v2\/product_cat?post=6711"},{"taxonomy":"product_tag","embeddable":true,"href":"https:\/\/stavropoli.md\/ro\/wp-json\/wp\/v2\/product_tag?post=6711"}],"curies":[{"name":"wp","href":"https:\/\/api.w.org\/{rel}","templated":true}]}}