{"id":6213,"date":"2024-04-26T20:09:42","date_gmt":"2024-04-26T20:09:42","guid":{"rendered":"https:\/\/stavropoli.md\/?post_type=product&#038;p=6213"},"modified":"2026-02-11T09:34:23","modified_gmt":"2026-02-11T09:34:23","slug":"blestki-6czvetov-5g-titanum184583","status":"publish","type":"product","link":"https:\/\/stavropoli.md\/ro\/produs\/blestki-6czvetov-5g-titanum184583\/","title":{"rendered":"sclipici 6 culori\/5 g. Titan (184583)"},"content":{"rendered":"<p>Sclipici sclipitoare, sf\u0103r\u00e2micioase, \u00een nuan\u021be metalice la mod\u0103. Ambalat \u00een sticle cu un capac de plastic convenabil care protejeaz\u0103 sclipiciul \u00eempotriva v\u0103rs\u0103rii. Ideal pentru decor si decoratiuni. Folosit pe scar\u0103 larg\u0103 \u00een procesul de decorare \u0219i finisare a diferitelor articole, cum ar fi lum\u00e2n\u0103ri, lum\u00e2n\u0103ri, sticl\u0103, decora\u021biuni de Cr\u0103ciun, produse de imprimare etc. Potrivit pentru stropire pe adeziv, lac sau turnare \u00een gel sau glazur\u0103. Ambalat \u00eentr-un blister de 6 sticle cu o capacitate de 4,5 grame. Culori: argintiu, auriu, verde, rosu, albastru inchis, violet.<\/p>","protected":false},"excerpt":{"rendered":"<p>\u041c\u0435\u0440\u0446\u0430\u044e\u0449\u0438\u0435, \u0440\u0430\u0441\u0441\u044b\u043f\u0447\u0430\u0442\u044b\u0435 \u0431\u043b\u0435\u0441\u0442\u043a\u0438 \u043c\u043e\u0434\u043d\u044b\u0445 \u043c\u0435\u0442\u0430\u043b\u043b\u0438\u0447\u0435\u0441\u043a\u0438\u0445 \u043e\u0442\u0442\u0435\u043d\u043a\u043e\u0432. \u0423\u043f\u0430\u043a\u043e\u0432\u0430\u043d\u044b \u0432\u043e \u0444\u043b\u0430\u043a\u043e\u043d\u044b \u0441 \u0443\u0434\u043e\u0431\u043d\u044b\u043c \u043f\u043b\u0430\u0441\u0442\u0438\u043a\u043e\u0432\u044b\u043c \u043a\u043e\u043b\u043f\u0430\u0447\u043a\u043e\u043c, \u0437\u0430\u0449\u0438\u0449\u0430\u044e\u0449\u0438\u043c \u0431\u043b\u0435\u0441\u0442\u043a\u0438 \u043e\u0442 \u043f\u0440\u043e\u0441\u044b\u043f\u0430\u043d\u0438\u044f. \u0418\u0434\u0435\u0430\u043b\u044c\u043d\u043e \u043f\u043e\u0434\u0445\u043e\u0434\u0438\u0442 \u0434\u043b\u044f \u0434\u0435\u043a\u043e\u0440\u0430 \u0438 \u0443\u043a\u0440\u0430\u0448\u0435\u043d\u0438\u0439. \u0428\u0438\u0440\u043e\u043a\u043e \u0438\u0441\u043f\u043e\u043b\u044c\u0437\u0443\u0435\u0442\u0441\u044f \u0432 \u043f\u0440\u043e\u0446\u0435\u0441\u0441\u0435 \u0434\u0435\u043a\u043e\u0440\u0438\u0440\u043e\u0432\u0430\u043d\u0438\u044f \u0438 \u043e\u0442\u0434\u0435\u043b\u043a\u0438 \u0440\u0430\u0437\u043b\u0438\u0447\u043d\u044b\u0445 \u043f\u0440\u0435\u0434\u043c\u0435\u0442\u043e\u0432, \u043d\u0430\u043f\u0440\u0438\u043c\u0435\u0440, \u0441\u0432\u0435\u0447\u0435\u0439, \u0441\u0432\u0435\u0447\u0435\u0439, \u0441\u0442\u0435\u043a\u043b\u0430, \u0440\u043e\u0436\u0434\u0435\u0441\u0442\u0432\u0435\u043d\u0441\u043a\u0438\u0445 \u0443\u043a\u0440\u0430\u0448\u0435\u043d\u0438\u0439, \u043f\u043e\u043b\u0438\u0433\u0440\u0430\u0444\u0438\u0447\u0435\u0441\u043a\u043e\u0439 \u043f\u0440\u043e\u0434\u0443\u043a\u0446\u0438\u0438 \u0438 \u0442. \u0434. \u041f\u043e\u0434\u0445\u043e\u0434\u0438\u0442 \u0434\u043b\u044f \u043f\u043e\u0441\u044b\u043f\u043a\u0438 \u043d\u0430 \u043a\u043b\u0435\u0439, \u043b\u0430\u043a \u0438\u043b\u0438 \u0437\u0430\u043b\u0438\u0432\u043a\u0438 \u0432 \u0433\u0435\u043b\u044c \u0438\u043b\u0438 \u0433\u043b\u0430\u0437\u0443\u0440\u044c. [&hellip;]<\/p>\n","protected":false},"featured_media":6214,"comment_status":"open","ping_status":"closed","template":"","meta":{"site-sidebar-layout":"default","site-content-layout":"","ast-site-content-layout":"default","site-content-style":"default","site-sidebar-style":"default","ast-global-header-display":"","ast-banner-title-visibility":"","ast-main-header-display":"","ast-hfb-above-header-display":"","ast-hfb-below-header-display":"","ast-hfb-mobile-header-display":"","site-post-title":"","ast-breadcrumbs-content":"","ast-featured-img":"","footer-sml-layout":"","ast-disable-related-posts":"","theme-transparent-header-meta":"default","adv-header-id-meta":"","stick-header-meta":"","header-above-stick-meta":"","header-main-stick-meta":"","header-below-stick-meta":"","astra-migrate-meta-layouts":"set","ast-page-background-enabled":"default","ast-page-background-meta":{"desktop":{"background-color":"","background-image":"","background-repeat":"repeat","background-position":"center center","background-size":"auto","background-attachment":"scroll","background-type":"","background-media":"","overlay-type":"","overlay-color":"","overlay-opacity":"","overlay-gradient":""},"tablet":{"background-color":"","background-image":"","background-repeat":"repeat","background-position":"center center","background-size":"auto","background-attachment":"scroll","background-type":"","background-media":"","overlay-type":"","overlay-color":"","overlay-opacity":"","overlay-gradient":""},"mobile":{"background-color":"","background-image":"","background-repeat":"repeat","background-position":"center center","background-size":"auto","background-attachment":"scroll","background-type":"","background-media":"","overlay-type":"","overlay-color":"","overlay-opacity":"","overlay-gradient":""}},"ast-content-background-meta":{"desktop":{"background-color":"var(--ast-global-color-4)","background-image":"","background-repeat":"repeat","background-position":"center center","background-size":"auto","background-attachment":"scroll","background-type":"","background-media":"","overlay-type":"","overlay-color":"","overlay-opacity":"","overlay-gradient":""},"tablet":{"background-color":"var(--ast-global-color-4)","background-image":"","background-repeat":"repeat","background-position":"center center","background-size":"auto","background-attachment":"scroll","background-type":"","background-media":"","overlay-type":"","overlay-color":"","overlay-opacity":"","overlay-gradient":""},"mobile":{"background-color":"var(--ast-global-color-4)","background-image":"","background-repeat":"repeat","background-position":"center center","background-size":"auto","background-attachment":"scroll","background-type":"","background-media":"","overlay-type":"","overlay-color":"","overlay-opacity":"","overlay-gradient":""}}},"product_brand":[],"product_cat":[33],"product_tag":[1252],"class_list":{"0":"post-6213","1":"product","2":"type-product","3":"status-publish","4":"has-post-thumbnail","6":"product_cat-blestki-businki-konfetti-kristalliki","7":"product_tag-blestki-6czvetov-5g-titanum","8":"desktop-align-left","9":"tablet-align-left","10":"mobile-align-left","11":"ast-product-gallery-layout-horizontal-slider","12":"ast-product-tabs-layout-vertical","13":"ast-qv-on-image","15":"first","16":"instock","17":"sale","18":"taxable","19":"shipping-taxable","20":"purchasable","21":"product-type-simple"},"_links":{"self":[{"href":"https:\/\/stavropoli.md\/ro\/wp-json\/wp\/v2\/product\/6213","targetHints":{"allow":["GET"]}}],"collection":[{"href":"https:\/\/stavropoli.md\/ro\/wp-json\/wp\/v2\/product"}],"about":[{"href":"https:\/\/stavropoli.md\/ro\/wp-json\/wp\/v2\/types\/product"}],"replies":[{"embeddable":true,"href":"https:\/\/stavropoli.md\/ro\/wp-json\/wp\/v2\/comments?post=6213"}],"wp:featuredmedia":[{"embeddable":true,"href":"https:\/\/stavropoli.md\/ro\/wp-json\/wp\/v2\/media\/6214"}],"wp:attachment":[{"href":"https:\/\/stavropoli.md\/ro\/wp-json\/wp\/v2\/media?parent=6213"}],"wp:term":[{"taxonomy":"product_brand","embeddable":true,"href":"https:\/\/stavropoli.md\/ro\/wp-json\/wp\/v2\/product_brand?post=6213"},{"taxonomy":"product_cat","embeddable":true,"href":"https:\/\/stavropoli.md\/ro\/wp-json\/wp\/v2\/product_cat?post=6213"},{"taxonomy":"product_tag","embeddable":true,"href":"https:\/\/stavropoli.md\/ro\/wp-json\/wp\/v2\/product_tag?post=6213"}],"curies":[{"name":"wp","href":"https:\/\/api.w.org\/{rel}","templated":true}]}}