{"id":1695,"date":"2024-03-22T07:11:05","date_gmt":"2024-03-22T07:11:05","guid":{"rendered":"https:\/\/stavropoli.dits.md\/?post_type=product&#038;p=1695"},"modified":"2024-05-15T10:40:18","modified_gmt":"2024-05-15T10:40:18","slug":"ruchka-roller-parker-im-brushed-metal-ct","status":"publish","type":"product","link":"https:\/\/stavropoli.md\/ro\/produs\/ruchka-roller-parker-im-brushed-metal-ct\/","title":{"rendered":"Pix Roller CT din metal periat Parker IM"},"content":{"rendered":"","protected":false},"excerpt":{"rendered":"<p>Pix cu capac Material carcas\u0103: alam\u0103 Placare carcas\u0103: o\u021bel inoxidabil Material de finisare a pieselor carcasei: cromCuloarea rezervei: negru Logo PARKER gravat pe un inel decorativ placat cu aur Include: Ambalaj de marc\u0103| 1 tija| manual de instructiuni cu card de garantie.<\/p>","protected":false},"featured_media":5399,"comment_status":"open","ping_status":"closed","template":"","meta":{"site-sidebar-layout":"default","site-content-layout":"","ast-site-content-layout":"default","site-content-style":"default","site-sidebar-style":"default","ast-global-header-display":"","ast-banner-title-visibility":"","ast-main-header-display":"","ast-hfb-above-header-display":"","ast-hfb-below-header-display":"","ast-hfb-mobile-header-display":"","site-post-title":"","ast-breadcrumbs-content":"","ast-featured-img":"","footer-sml-layout":"","ast-disable-related-posts":"","theme-transparent-header-meta":"default","adv-header-id-meta":"","stick-header-meta":"","header-above-stick-meta":"","header-main-stick-meta":"","header-below-stick-meta":"","astra-migrate-meta-layouts":"set","ast-page-background-enabled":"default","ast-page-background-meta":{"desktop":{"background-color":"","background-image":"","background-repeat":"repeat","background-position":"center center","background-size":"auto","background-attachment":"scroll","background-type":"","background-media":"","overlay-type":"","overlay-color":"","overlay-opacity":"","overlay-gradient":""},"tablet":{"background-color":"","background-image":"","background-repeat":"repeat","background-position":"center center","background-size":"auto","background-attachment":"scroll","background-type":"","background-media":"","overlay-type":"","overlay-color":"","overlay-opacity":"","overlay-gradient":""},"mobile":{"background-color":"","background-image":"","background-repeat":"repeat","background-position":"center center","background-size":"auto","background-attachment":"scroll","background-type":"","background-media":"","overlay-type":"","overlay-color":"","overlay-opacity":"","overlay-gradient":""}},"ast-content-background-meta":{"desktop":{"background-color":"var(--ast-global-color-4)","background-image":"","background-repeat":"repeat","background-position":"center center","background-size":"auto","background-attachment":"scroll","background-type":"","background-media":"","overlay-type":"","overlay-color":"","overlay-opacity":"","overlay-gradient":""},"tablet":{"background-color":"var(--ast-global-color-4)","background-image":"","background-repeat":"repeat","background-position":"center center","background-size":"auto","background-attachment":"scroll","background-type":"","background-media":"","overlay-type":"","overlay-color":"","overlay-opacity":"","overlay-gradient":""},"mobile":{"background-color":"var(--ast-global-color-4)","background-image":"","background-repeat":"repeat","background-position":"center center","background-size":"auto","background-attachment":"scroll","background-type":"","background-media":"","overlay-type":"","overlay-color":"","overlay-opacity":"","overlay-gradient":""}}},"product_brand":[],"product_cat":[67],"product_tag":[953],"class_list":{"0":"post-1695","1":"product","2":"type-product","3":"status-publish","4":"has-post-thumbnail","6":"product_cat-ruchki-parker","7":"product_tag-ruchka-roller-parker-im-brushed-metal-ct","8":"desktop-align-left","9":"tablet-align-left","10":"mobile-align-left","11":"ast-product-gallery-layout-horizontal-slider","12":"ast-product-tabs-layout-vertical","13":"ast-qv-on-image","15":"first","16":"outofstock","17":"taxable","18":"shipping-taxable","19":"purchasable","20":"product-type-simple"},"_links":{"self":[{"href":"https:\/\/stavropoli.md\/ro\/wp-json\/wp\/v2\/product\/1695","targetHints":{"allow":["GET"]}}],"collection":[{"href":"https:\/\/stavropoli.md\/ro\/wp-json\/wp\/v2\/product"}],"about":[{"href":"https:\/\/stavropoli.md\/ro\/wp-json\/wp\/v2\/types\/product"}],"replies":[{"embeddable":true,"href":"https:\/\/stavropoli.md\/ro\/wp-json\/wp\/v2\/comments?post=1695"}],"wp:featuredmedia":[{"embeddable":true,"href":"https:\/\/stavropoli.md\/ro\/wp-json\/wp\/v2\/media\/5399"}],"wp:attachment":[{"href":"https:\/\/stavropoli.md\/ro\/wp-json\/wp\/v2\/media?parent=1695"}],"wp:term":[{"taxonomy":"product_brand","embeddable":true,"href":"https:\/\/stavropoli.md\/ro\/wp-json\/wp\/v2\/product_brand?post=1695"},{"taxonomy":"product_cat","embeddable":true,"href":"https:\/\/stavropoli.md\/ro\/wp-json\/wp\/v2\/product_cat?post=1695"},{"taxonomy":"product_tag","embeddable":true,"href":"https:\/\/stavropoli.md\/ro\/wp-json\/wp\/v2\/product_tag?post=1695"}],"curies":[{"name":"wp","href":"https:\/\/api.w.org\/{rel}","templated":true}]}}