{"id":1658,"date":"2024-11-20T07:10:52","date_gmt":"2024-11-20T07:10:52","guid":{"rendered":"https:\/\/stavropoli.dits.md\/?post_type=product&#038;p=1658"},"modified":"2026-04-13T19:50:41","modified_gmt":"2026-04-13T19:50:41","slug":"nabor-parker-sonnet-core-black-gt","status":"publish","type":"product","link":"https:\/\/stavropoli.md\/ro\/produs\/nabor-parker-sonnet-core-black-gt\/","title":{"rendered":"Set Parker Sonnet Core Black GT"},"content":{"rendered":"","protected":false},"excerpt":{"rendered":"<p>Setul este format dintr-un stilou + cerneal\u0103 neagr\u0103 | pix + re\u00eenc\u0103rcare neagr\u0103 | cutie cadou cu dou\u0103 m\u00e2nere \u0219i toate acestea se potrivesc \u00eentr-o cutie prezentabil\u0103 de marc\u01031. Pix Parker Sonnet Black GT MT Tip: Pix. Pena: aur de 18K. Grosimea penei: M (medie).Culoarea cartusului inclus: Albastru.Corps: Corp lacuit alama.Finisaj: placat cu aur de 23K.Culoare: Negru .Caracteristici: Reincarcabil cu cartu\u0219e de cerneal\u0103 sau cerneal\u0103 dintr-o sticl\u0103 cu ajutorul unui convertor Dimensiuni: 14|6 x 1|5 cm \u021aara de origine: Fran\u021ba Materiale pentru reumplere: cerneal\u0103 Parker | albastru| albastru \u00eenchis \u0219i ro\u0219u.2. Pix Parker Sonnet Core Black Lacquer GT Grosime de re\u00eenc\u0103rcare inclus\u0103: Mediu (M) Culoarea re\u00eenc\u0103rc\u0103rii: Negru (altele sunt v\u00e2ndute separat). Culoare: Negru. Caracteristici: Dimensiuni: 13|8 x 1|3 cm.\u021aara de origine: Fran\u021ba.<\/p>","protected":false},"featured_media":5424,"comment_status":"open","ping_status":"closed","template":"","meta":{"site-sidebar-layout":"default","site-content-layout":"","ast-site-content-layout":"default","site-content-style":"default","site-sidebar-style":"default","ast-global-header-display":"","ast-banner-title-visibility":"","ast-main-header-display":"","ast-hfb-above-header-display":"","ast-hfb-below-header-display":"","ast-hfb-mobile-header-display":"","site-post-title":"","ast-breadcrumbs-content":"","ast-featured-img":"","footer-sml-layout":"","ast-disable-related-posts":"","theme-transparent-header-meta":"default","adv-header-id-meta":"","stick-header-meta":"","header-above-stick-meta":"","header-main-stick-meta":"","header-below-stick-meta":"","astra-migrate-meta-layouts":"set","ast-page-background-enabled":"default","ast-page-background-meta":{"desktop":{"background-color":"","background-image":"","background-repeat":"repeat","background-position":"center center","background-size":"auto","background-attachment":"scroll","background-type":"","background-media":"","overlay-type":"","overlay-color":"","overlay-opacity":"","overlay-gradient":""},"tablet":{"background-color":"","background-image":"","background-repeat":"repeat","background-position":"center center","background-size":"auto","background-attachment":"scroll","background-type":"","background-media":"","overlay-type":"","overlay-color":"","overlay-opacity":"","overlay-gradient":""},"mobile":{"background-color":"","background-image":"","background-repeat":"repeat","background-position":"center center","background-size":"auto","background-attachment":"scroll","background-type":"","background-media":"","overlay-type":"","overlay-color":"","overlay-opacity":"","overlay-gradient":""}},"ast-content-background-meta":{"desktop":{"background-color":"var(--ast-global-color-4)","background-image":"","background-repeat":"repeat","background-position":"center center","background-size":"auto","background-attachment":"scroll","background-type":"","background-media":"","overlay-type":"","overlay-color":"","overlay-opacity":"","overlay-gradient":""},"tablet":{"background-color":"var(--ast-global-color-4)","background-image":"","background-repeat":"repeat","background-position":"center center","background-size":"auto","background-attachment":"scroll","background-type":"","background-media":"","overlay-type":"","overlay-color":"","overlay-opacity":"","overlay-gradient":""},"mobile":{"background-color":"var(--ast-global-color-4)","background-image":"","background-repeat":"repeat","background-position":"center center","background-size":"auto","background-attachment":"scroll","background-type":"","background-media":"","overlay-type":"","overlay-color":"","overlay-opacity":"","overlay-gradient":""}}},"product_brand":[],"product_cat":[67],"product_tag":[961],"class_list":{"0":"post-1658","1":"product","2":"type-product","3":"status-publish","4":"has-post-thumbnail","6":"product_cat-ruchki-parker","7":"product_tag-nabor-parker-sonnet-core-black-gt","8":"desktop-align-left","9":"tablet-align-left","10":"mobile-align-left","11":"ast-product-gallery-layout-horizontal-slider","12":"ast-product-tabs-layout-vertical","13":"ast-qv-on-image","15":"first","16":"instock","17":"sale","18":"taxable","19":"shipping-taxable","20":"purchasable","21":"product-type-simple"},"_links":{"self":[{"href":"https:\/\/stavropoli.md\/ro\/wp-json\/wp\/v2\/product\/1658","targetHints":{"allow":["GET"]}}],"collection":[{"href":"https:\/\/stavropoli.md\/ro\/wp-json\/wp\/v2\/product"}],"about":[{"href":"https:\/\/stavropoli.md\/ro\/wp-json\/wp\/v2\/types\/product"}],"replies":[{"embeddable":true,"href":"https:\/\/stavropoli.md\/ro\/wp-json\/wp\/v2\/comments?post=1658"}],"wp:featuredmedia":[{"embeddable":true,"href":"https:\/\/stavropoli.md\/ro\/wp-json\/wp\/v2\/media\/5424"}],"wp:attachment":[{"href":"https:\/\/stavropoli.md\/ro\/wp-json\/wp\/v2\/media?parent=1658"}],"wp:term":[{"taxonomy":"product_brand","embeddable":true,"href":"https:\/\/stavropoli.md\/ro\/wp-json\/wp\/v2\/product_brand?post=1658"},{"taxonomy":"product_cat","embeddable":true,"href":"https:\/\/stavropoli.md\/ro\/wp-json\/wp\/v2\/product_cat?post=1658"},{"taxonomy":"product_tag","embeddable":true,"href":"https:\/\/stavropoli.md\/ro\/wp-json\/wp\/v2\/product_tag?post=1658"}],"curies":[{"name":"wp","href":"https:\/\/api.w.org\/{rel}","templated":true}]}}