{"id":1432,"date":"2024-03-22T07:09:38","date_gmt":"2024-03-22T07:09:38","guid":{"rendered":"https:\/\/stavropoli.dits.md\/?post_type=product&#038;p=1432"},"modified":"2026-04-13T19:51:30","modified_gmt":"2026-04-13T19:51:30","slug":"nabor-chernila-ruchka-pero-2","status":"publish","type":"product","link":"https:\/\/stavropoli.md\/ro\/produs\/nabor-chernila-ruchka-pero-2\/","title":{"rendered":"set de cerneal\u0103+peni\u021b\u0103 verde.neon Pelikan"},"content":{"rendered":"<p>O utilizare inovatoare a stiloului clasic. Creatorii modelului M205DUO au decis c\u0103 un stilou obi\u0219nuit ar putea \u00eenlocui un iluminator pentru text. Tot ce ave\u021bi nevoie este un stilou BB \u0219i cerneal\u0103 fluorescent\u0103 transparent\u0103 special\u0103.<\/p>\n<p>\u041a\u043e\u0440\u043f\u0443\u0441 \u0440\u0443\u0447\u043a\u0438 \u0441\u0434\u0435\u043b\u0430\u043d \u0438\u0437 \u0444\u043b\u0443\u043e\u0440\u0435\u0441\u0446\u0435\u043d\u0442\u043d\u043e-\u0437\u0435\u043b\u0435\u043d\u043e\u0433\u043e \u043f\u0440\u043e\u0437\u0440\u0430\u0447\u043d\u043e\u0433\u043e \u043f\u043b\u0430\u0441\u0442\u0438\u043a\u0430. \u041f\u043e\u0440\u0448\u043d\u0435\u0432\u0430\u044f \u0441\u0438\u0441\u0442\u0435\u043c\u0430 \u0437\u0430\u043f\u0440\u0430\u0432\u043a\u0438. \u0421\u0442\u0430\u043b\u044c\u043d\u043e\u0435 \u0442\u043e\u043b\u0441\u0442\u043e\u0435 \u043f\u0435\u0440\u043e (BB).<\/p>\n<p>Stiloul vine cu o sticl\u0103 de cerneal\u0103 pentru iluminator M205DUO. Cerneala a fost special conceput\u0103 pentru a oferi, pe de o parte, capacitatea de a eviden\u021bia textul, pe de alt\u0103 parte, pentru a fi compatibil\u0103 cu mecanismul stiloului.<\/p>","protected":false},"excerpt":{"rendered":"<p>\u041f\u0435\u0440\u044c\u0435\u0432\u0430\u044f \u0440\u0443\u0447\u043a\u0430 \u0438 \u043c\u0430\u0440\u043a\u0435\u0440-\u0432\u044b\u0434\u0435\u043b\u0438\u0442\u0435\u043b\u044c \u0434\u043b\u044f \u0442\u0435\u043a\u0441\u0442\u0430 Pelikan M205DUO<\/p>","protected":false},"featured_media":5500,"comment_status":"open","ping_status":"closed","template":"","meta":{"site-sidebar-layout":"default","site-content-layout":"","ast-site-content-layout":"default","site-content-style":"default","site-sidebar-style":"default","ast-global-header-display":"","ast-banner-title-visibility":"","ast-main-header-display":"","ast-hfb-above-header-display":"","ast-hfb-below-header-display":"","ast-hfb-mobile-header-display":"","site-post-title":"","ast-breadcrumbs-content":"","ast-featured-img":"","footer-sml-layout":"","ast-disable-related-posts":"","theme-transparent-header-meta":"default","adv-header-id-meta":"","stick-header-meta":"","header-above-stick-meta":"","header-main-stick-meta":"","header-below-stick-meta":"","astra-migrate-meta-layouts":"set","ast-page-background-enabled":"default","ast-page-background-meta":{"desktop":{"background-color":"","background-image":"","background-repeat":"repeat","background-position":"center center","background-size":"auto","background-attachment":"scroll","background-type":"","background-media":"","overlay-type":"","overlay-color":"","overlay-opacity":"","overlay-gradient":""},"tablet":{"background-color":"","background-image":"","background-repeat":"repeat","background-position":"center center","background-size":"auto","background-attachment":"scroll","background-type":"","background-media":"","overlay-type":"","overlay-color":"","overlay-opacity":"","overlay-gradient":""},"mobile":{"background-color":"","background-image":"","background-repeat":"repeat","background-position":"center center","background-size":"auto","background-attachment":"scroll","background-type":"","background-media":"","overlay-type":"","overlay-color":"","overlay-opacity":"","overlay-gradient":""}},"ast-content-background-meta":{"desktop":{"background-color":"var(--ast-global-color-4)","background-image":"","background-repeat":"repeat","background-position":"center center","background-size":"auto","background-attachment":"scroll","background-type":"","background-media":"","overlay-type":"","overlay-color":"","overlay-opacity":"","overlay-gradient":""},"tablet":{"background-color":"var(--ast-global-color-4)","background-image":"","background-repeat":"repeat","background-position":"center center","background-size":"auto","background-attachment":"scroll","background-type":"","background-media":"","overlay-type":"","overlay-color":"","overlay-opacity":"","overlay-gradient":""},"mobile":{"background-color":"var(--ast-global-color-4)","background-image":"","background-repeat":"repeat","background-position":"center center","background-size":"auto","background-attachment":"scroll","background-type":"","background-media":"","overlay-type":"","overlay-color":"","overlay-opacity":"","overlay-gradient":""}}},"product_brand":[],"product_cat":[52],"product_tag":[1017],"class_list":{"0":"post-1432","1":"product","2":"type-product","3":"status-publish","4":"has-post-thumbnail","6":"product_cat-ruchki-pelikan-elit","7":"product_tag-nabor-chernila-ruchka-pero-zelen-neon-pelikan","8":"desktop-align-left","9":"tablet-align-left","10":"mobile-align-left","11":"ast-product-gallery-layout-horizontal-slider","12":"ast-product-gallery-with-no-image","13":"ast-product-tabs-layout-vertical","14":"ast-qv-on-image","16":"first","17":"instock","18":"sale","19":"taxable","20":"shipping-taxable","21":"purchasable","22":"product-type-simple"},"_links":{"self":[{"href":"https:\/\/stavropoli.md\/ro\/wp-json\/wp\/v2\/product\/1432","targetHints":{"allow":["GET"]}}],"collection":[{"href":"https:\/\/stavropoli.md\/ro\/wp-json\/wp\/v2\/product"}],"about":[{"href":"https:\/\/stavropoli.md\/ro\/wp-json\/wp\/v2\/types\/product"}],"replies":[{"embeddable":true,"href":"https:\/\/stavropoli.md\/ro\/wp-json\/wp\/v2\/comments?post=1432"}],"wp:featuredmedia":[{"embeddable":true,"href":"https:\/\/stavropoli.md\/ro\/wp-json\/wp\/v2\/media\/5500"}],"wp:attachment":[{"href":"https:\/\/stavropoli.md\/ro\/wp-json\/wp\/v2\/media?parent=1432"}],"wp:term":[{"taxonomy":"product_brand","embeddable":true,"href":"https:\/\/stavropoli.md\/ro\/wp-json\/wp\/v2\/product_brand?post=1432"},{"taxonomy":"product_cat","embeddable":true,"href":"https:\/\/stavropoli.md\/ro\/wp-json\/wp\/v2\/product_cat?post=1432"},{"taxonomy":"product_tag","embeddable":true,"href":"https:\/\/stavropoli.md\/ro\/wp-json\/wp\/v2\/product_tag?post=1432"}],"curies":[{"name":"wp","href":"https:\/\/api.w.org\/{rel}","templated":true}]}}