{"id":1417,"date":"2024-03-22T07:09:34","date_gmt":"2024-03-22T07:09:34","guid":{"rendered":"https:\/\/stavropoli.dits.md\/?post_type=product&#038;p=1417"},"modified":"2026-04-14T09:09:02","modified_gmt":"2026-04-14T09:09:02","slug":"sterzhen-roller-m-sinij-pelikan","status":"publish","type":"product","link":"https:\/\/stavropoli.md\/ro\/produs\/sterzhen-roller-m-sinij-pelikan\/","title":{"rendered":"Tija metalica albastra Pelikan"},"content":{"rendered":"<p><strong><span>Mini re\u00eenc\u0103rcare pentru pix de la marca german\u0103 Pelikan<\/span><\/strong><span> \u00a0Potrivit pentru modelele Pelikan Porsche Design Shake Pen \u0219i toate produsele\u00a0 <\/span><strong><u><span>cu tija standard D1\u00a0<\/span><\/u><\/strong><span> (m\u00e2nere multifunc\u021bionale sau compacte).<\/span><\/p>\n<p><strong><u><span>Culoare de cerneal\u0103<\/span><\/u><span> \u00a0- albastru.<\/span><\/strong><\/p>\n<p><span>Designul este prezentat \u00een varianta obi\u0219nuit\u0103 discret\u0103 \u0219i minimalist\u0103.<\/span><\/p>\n<p><span>Lanseta are un corp metalic solid cu sigla companiei, ceea ce confirma originalitatea.<\/span><\/p>\n<p><strong><u><span>Diametrul unit\u0103\u021bii de scriere<\/span><\/u><span> \u00a0\u2013 1 mm<\/span><\/strong><span> , care v\u0103 permite s\u0103 crea\u021bi o grosime medie a liniei \u00een timp ce scrie\u021bi.<\/span><\/p>\n<p><span>Bila bine a\u0219ezat\u0103 asigur\u0103 aplicarea precis\u0103 a cernelii pe h\u00e2rtie de orice grosime.<\/span><\/p>\n<p><span>Eforturile de produc\u021bie\u00a0 <\/span><strong><span>Germania.<\/span><\/strong><\/p>\n<p><a href=\"https:\/\/faber-castell.kh.ua\/ua\/p1294052224-mini-sterzhen-sharikovyj.html\">Mai multe detalii: https:\/\/faber-castell.kh.ua\/ua\/p1294052224-mini-sterzhen-sharikovyj.html<\/a><\/p>","protected":false},"excerpt":{"rendered":"<p>Rezervele de tip rollerball Pelikan cu cerneal\u0103 lichid\u0103 sunt compatibile cu standardul G1 \u0219i se potrivesc cu orice stilou| care folosesc tije de acest format Dimensiunea bilei - 0,7 mm Grosimea liniei - M (Mediu) Lungime (cm) - 11,5 Diametru (cm) - 0,5 Culoare cerneala - albastru<\/p>","protected":false},"featured_media":5513,"comment_status":"open","ping_status":"closed","template":"","meta":{"site-sidebar-layout":"default","site-content-layout":"","ast-site-content-layout":"default","site-content-style":"default","site-sidebar-style":"default","ast-global-header-display":"","ast-banner-title-visibility":"","ast-main-header-display":"","ast-hfb-above-header-display":"","ast-hfb-below-header-display":"","ast-hfb-mobile-header-display":"","site-post-title":"","ast-breadcrumbs-content":"","ast-featured-img":"","footer-sml-layout":"","ast-disable-related-posts":"","theme-transparent-header-meta":"default","adv-header-id-meta":"","stick-header-meta":"","header-above-stick-meta":"","header-main-stick-meta":"","header-below-stick-meta":"","astra-migrate-meta-layouts":"set","ast-page-background-enabled":"default","ast-page-background-meta":{"desktop":{"background-color":"","background-image":"","background-repeat":"repeat","background-position":"center center","background-size":"auto","background-attachment":"scroll","background-type":"","background-media":"","overlay-type":"","overlay-color":"","overlay-opacity":"","overlay-gradient":""},"tablet":{"background-color":"","background-image":"","background-repeat":"repeat","background-position":"center center","background-size":"auto","background-attachment":"scroll","background-type":"","background-media":"","overlay-type":"","overlay-color":"","overlay-opacity":"","overlay-gradient":""},"mobile":{"background-color":"","background-image":"","background-repeat":"repeat","background-position":"center center","background-size":"auto","background-attachment":"scroll","background-type":"","background-media":"","overlay-type":"","overlay-color":"","overlay-opacity":"","overlay-gradient":""}},"ast-content-background-meta":{"desktop":{"background-color":"var(--ast-global-color-4)","background-image":"","background-repeat":"repeat","background-position":"center center","background-size":"auto","background-attachment":"scroll","background-type":"","background-media":"","overlay-type":"","overlay-color":"","overlay-opacity":"","overlay-gradient":""},"tablet":{"background-color":"var(--ast-global-color-4)","background-image":"","background-repeat":"repeat","background-position":"center center","background-size":"auto","background-attachment":"scroll","background-type":"","background-media":"","overlay-type":"","overlay-color":"","overlay-opacity":"","overlay-gradient":""},"mobile":{"background-color":"var(--ast-global-color-4)","background-image":"","background-repeat":"repeat","background-position":"center center","background-size":"auto","background-attachment":"scroll","background-type":"","background-media":"","overlay-type":"","overlay-color":"","overlay-opacity":"","overlay-gradient":""}}},"product_brand":[],"product_cat":[52,58],"product_tag":[1028],"class_list":{"0":"post-1417","1":"product","2":"type-product","3":"status-publish","4":"has-post-thumbnail","6":"product_cat-ruchki-pelikan-elit","7":"product_cat-sterzhni","8":"product_tag-sterzhen-metallicheskij-sinij-pelikan","9":"desktop-align-left","10":"tablet-align-left","11":"mobile-align-left","12":"ast-product-gallery-layout-horizontal-slider","13":"ast-product-gallery-with-no-image","14":"ast-product-tabs-layout-vertical","15":"ast-qv-on-image","17":"first","18":"instock","19":"sale","20":"taxable","21":"shipping-taxable","22":"purchasable","23":"product-type-simple"},"_links":{"self":[{"href":"https:\/\/stavropoli.md\/ro\/wp-json\/wp\/v2\/product\/1417","targetHints":{"allow":["GET"]}}],"collection":[{"href":"https:\/\/stavropoli.md\/ro\/wp-json\/wp\/v2\/product"}],"about":[{"href":"https:\/\/stavropoli.md\/ro\/wp-json\/wp\/v2\/types\/product"}],"replies":[{"embeddable":true,"href":"https:\/\/stavropoli.md\/ro\/wp-json\/wp\/v2\/comments?post=1417"}],"wp:featuredmedia":[{"embeddable":true,"href":"https:\/\/stavropoli.md\/ro\/wp-json\/wp\/v2\/media\/5513"}],"wp:attachment":[{"href":"https:\/\/stavropoli.md\/ro\/wp-json\/wp\/v2\/media?parent=1417"}],"wp:term":[{"taxonomy":"product_brand","embeddable":true,"href":"https:\/\/stavropoli.md\/ro\/wp-json\/wp\/v2\/product_brand?post=1417"},{"taxonomy":"product_cat","embeddable":true,"href":"https:\/\/stavropoli.md\/ro\/wp-json\/wp\/v2\/product_cat?post=1417"},{"taxonomy":"product_tag","embeddable":true,"href":"https:\/\/stavropoli.md\/ro\/wp-json\/wp\/v2\/product_tag?post=1417"}],"curies":[{"name":"wp","href":"https:\/\/api.w.org\/{rel}","templated":true}]}}